{"id":275,"date":"2021-04-06T01:36:53","date_gmt":"2021-04-06T01:36:53","guid":{"rendered":"https:\/\/maisrb.com.br\/project345\/?page_id=275"},"modified":"2025-03-31T18:42:37","modified_gmt":"2025-03-31T18:42:37","slug":"sobre","status":"publish","type":"page","link":"https:\/\/moadhome.com.br\/site\/sobre\/","title":{"rendered":"SOBRE N\u00d3S"},"content":{"rendered":"<div class=\"wpb-content-wrapper\"><p>[vc_row css_animation=&#8221;&#8221; row_type=&#8221;row&#8221; use_row_as_full_screen_section=&#8221;no&#8221; type=&#8221;grid&#8221; angled_section=&#8221;no&#8221; text_align=&#8221;left&#8221; background_image_as_pattern=&#8221;without_pattern&#8221; z_index=&#8221;&#8221; css=&#8221;.vc_custom_1617674291396{padding-bottom: 60px !important;}&#8221;][vc_column][vc_empty_space][vc_column_text]Com o prop\u00f3sito de oportunizar a decora\u00e7\u00e3o pr\u00e1tica e sofisticada de designers e arquitetos aos lares e ambientes corporativos de pessoas \u00fanicas e de olhar apurado, foi fundada em 2016 a MOAD HOME, que segue ao longo dos anos sendo refer\u00eancia em &#8220;alta decora\u00e7\u00e3o&#8221;.<\/p>\n<p>&nbsp;<\/p>\n<p>Sabemos que muito mais que metros quadrados, cada ambiente \u00e9 uma oportunidade de conforto, aconchego e acolhimento na vida das pessoas que ir\u00e3o ocup\u00e1-los. Por isso oferecemos, com escolhas inteligentes, amor e dedica\u00e7\u00e3o, pe\u00e7as ricas em conceito, qualidade e charme.[\/vc_column_text][vc_empty_space][\/vc_column][\/vc_row][vc_row css_animation=&#8221;&#8221; row_type=&#8221;row&#8221; use_row_as_full_screen_section=&#8221;no&#8221; type=&#8221;full_width&#8221; angled_section=&#8221;no&#8221; text_align=&#8221;left&#8221; background_image_as_pattern=&#8221;without_pattern&#8221;][vc_column width=&#8221;1\/2&#8243;][vc_single_image image=&#8221;6521&#8243; img_size=&#8221;full&#8221; qode_css_animation=&#8221;&#8221;][\/vc_column][vc_column width=&#8221;1\/2&#8243; css=&#8221;.vc_custom_1743446539868{padding-right: 10% !important;padding-left: 10% !important;}&#8221;][vc_empty_space height=&#8221;80px&#8221;][vc_column_text]<\/p>\n<h3>MOAD HOME<\/h3>\n<p>[\/vc_column_text][vc_empty_space height=&#8221;51px&#8221;][vc_column_text]<\/p>\n<h5>Decorar com elementos que trazem autenticidade e sentimento aos ambientes \u00e9 a nossa paix\u00e3o.<\/h5>\n<p>[\/vc_column_text][vc_empty_space height=&#8221;80px&#8221;][\/vc_column][\/vc_row]<\/p>\n<\/div>","protected":false},"excerpt":{"rendered":"<p>[vc_row css_animation=&#8221;&#8221; row_type=&#8221;row&#8221; use_row_as_full_screen_section=&#8221;no&#8221; type=&#8221;grid&#8221; angled_section=&#8221;no&#8221; text_align=&#8221;left&#8221; background_image_as_pattern=&#8221;without_pattern&#8221; z_index=&#8221;&#8221; css=&#8221;.vc_custom_1617674291396{padding-bottom: 60px !important;}&#8221;][vc_column][vc_empty_space][vc_column_text]Com o prop\u00f3sito de oportunizar a decora\u00e7\u00e3o pr\u00e1tica e sofisticada de designers e arquitetos aos lares e ambientes corporativos de pessoas \u00fanicas e de olhar apurado, foi fundada em 2016 a MOAD HOME, que&#8230;<\/p>\n","protected":false},"author":1,"featured_media":0,"parent":0,"menu_order":0,"comment_status":"closed","ping_status":"closed","template":"full_width.php","meta":{"footnotes":""},"_links":{"self":[{"href":"https:\/\/moadhome.com.br\/site\/wp-json\/wp\/v2\/pages\/275"}],"collection":[{"href":"https:\/\/moadhome.com.br\/site\/wp-json\/wp\/v2\/pages"}],"about":[{"href":"https:\/\/moadhome.com.br\/site\/wp-json\/wp\/v2\/types\/page"}],"author":[{"embeddable":true,"href":"https:\/\/moadhome.com.br\/site\/wp-json\/wp\/v2\/users\/1"}],"replies":[{"embeddable":true,"href":"https:\/\/moadhome.com.br\/site\/wp-json\/wp\/v2\/comments?post=275"}],"version-history":[{"count":23,"href":"https:\/\/moadhome.com.br\/site\/wp-json\/wp\/v2\/pages\/275\/revisions"}],"predecessor-version":[{"id":289,"href":"https:\/\/moadhome.com.br\/site\/wp-json\/wp\/v2\/pages\/275\/revisions\/289"}],"wp:attachment":[{"href":"https:\/\/moadhome.com.br\/site\/wp-json\/wp\/v2\/media?parent=275"}],"curies":[{"name":"wp","href":"https:\/\/api.w.org\/{rel}","templated":true}]}}