{"id":5006,"date":"2024-05-21T14:20:09","date_gmt":"2024-05-21T14:20:09","guid":{"rendered":"https:\/\/moadhome.com.br\/site\/?page_id=5006"},"modified":"2024-07-05T15:26:13","modified_gmt":"2024-07-05T15:26:13","slug":"beatriz-zeglin","status":"publish","type":"page","link":"https:\/\/moadhome.com.br\/site\/beatriz-zeglin\/","title":{"rendered":"BEATRIZ ZEGLIN"},"content":{"rendered":"<div class=\"wpb-content-wrapper\"><p>[vc_row css_animation=&#8221;&#8221; row_type=&#8221;row&#8221; use_row_as_full_screen_section=&#8221;no&#8221; type=&#8221;grid&#8221; angled_section=&#8221;no&#8221; text_align=&#8221;left&#8221; background_image_as_pattern=&#8221;without_pattern&#8221; z_index=&#8221;&#8221;][vc_column][vc_empty_space height=&#8221;100px&#8221;][\/vc_column][\/vc_row][vc_row css_animation=&#8221;&#8221; row_type=&#8221;row&#8221; use_row_as_full_screen_section=&#8221;no&#8221; type=&#8221;grid&#8221; angled_section=&#8221;no&#8221; text_align=&#8221;left&#8221; background_image_as_pattern=&#8221;without_pattern&#8221; z_index=&#8221;&#8221;][vc_column width=&#8221;1\/3&#8243;][vc_column_text]<img loading=\"lazy\" decoding=\"async\" class=\"alignnone wp-image-4975 size-full\" src=\"https:\/\/moadhome.com.br\/site\/wp-content\/uploads\/2024\/05\/BEATRIZ-ZEGLIN.png\" alt=\"\" width=\"350\" height=\"400\" srcset=\"https:\/\/moadhome.com.br\/site\/wp-content\/uploads\/2024\/05\/BEATRIZ-ZEGLIN.png 350w, https:\/\/moadhome.com.br\/site\/wp-content\/uploads\/2024\/05\/BEATRIZ-ZEGLIN-263x300.png 263w\" sizes=\"(max-width: 350px) 100vw, 350px\" \/>[\/vc_column_text][vc_column_text css=&#8221;.vc_custom_1715258410631{padding-top: 30px !important;padding-right: 30px !important;padding-left: 30px !important;background-color: #ededed !important;}&#8221;]<\/p>\n<h3>PERFIL<\/h3>\n<p>[\/vc_column_text][vc_column_text css=&#8221;.vc_custom_1720193169812{padding-top: 10px !important;padding-right: 30px !important;padding-bottom: 30px !important;padding-left: 30px !important;background-color: #ededed !important;}&#8221;]<strong>Nome:<\/strong> Beatriz Zeglin<\/p>\n<p><strong>Instagram:<a href=\"https:\/\/www.instagram.com\/beatrizzeglinarquitetura\/\" target=\"_blank\" rel=\"noopener\"> @beatrizzeglinarquitetura<\/a><\/strong>[\/vc_column_text][vc_empty_space height=&#8221;200px&#8221; css=&#8221;.vc_custom_1715259330790{background-color: #ededed !important;}&#8221;][\/vc_column][vc_column width=&#8221;2\/3&#8243;]<div class=\"qode-advanced-image-gallery  qode-aig-grid-type qode-tiny-space  qode-image-behavior-lightbox \">\n\t<div class=\"qode-aig-inner qode-outer-space qode-aig-grid qode-aig-four-columns\">\n\t\t\t\t\t<div class=\"qode-aig-image qode-item-space\">\n\t\t\t\t<div class=\"qode-aig-image-inner\">\n\t\t\t\t\t\t\t\t\t\t\t<a itemprop=\"image\" class=\"qode-aig-lightbox\" href=\"https:\/\/moadhome.com.br\/site\/wp-content\/uploads\/2024\/05\/Arquitetura-Beatriz-Zeglin_01b-scaled.jpg\" data-rel=\"prettyPhoto[image_gallery_pretty_photo-484]\" title=\"Arquitetura &#8211; Beatriz Zeglin_01b\">\n\t\t\t\t\t\t\t\t\t\t\t<img loading=\"lazy\" decoding=\"async\" src=\"https:\/\/moadhome.com.br\/site\/wp-content\/uploads\/2024\/05\/Arquitetura-Beatriz-Zeglin_01b-scaled-400x400.jpg\" alt=\"\" width=\"400\" height=\"400\" \/>\t\t\t\t\t\t<span class=\"aig-gallery-hover\">\n\t\t\t\t\t\t\t\t\t\t\t\t\t<\/span>\n\t\t\t\t\t\t\t\t\t\t\t<\/a>\n\t\t\t\t\t\t\t\t\t<\/div>\n\t\t\t<\/div>\n\t\t\t\t\t<div class=\"qode-aig-image qode-item-space\">\n\t\t\t\t<div class=\"qode-aig-image-inner\">\n\t\t\t\t\t\t\t\t\t\t\t<a itemprop=\"image\" class=\"qode-aig-lightbox\" href=\"https:\/\/moadhome.com.br\/site\/wp-content\/uploads\/2024\/05\/Arquitetura-Beatriz-Zeglin_04b-scaled.jpg\" data-rel=\"prettyPhoto[image_gallery_pretty_photo-484]\" title=\"Arquitetura &#8211; Beatriz Zeglin_04b\">\n\t\t\t\t\t\t\t\t\t\t\t<img loading=\"lazy\" decoding=\"async\" src=\"https:\/\/moadhome.com.br\/site\/wp-content\/uploads\/2024\/05\/Arquitetura-Beatriz-Zeglin_04b-scaled-400x400.jpg\" alt=\"\" width=\"400\" height=\"400\" \/>\t\t\t\t\t\t<span class=\"aig-gallery-hover\">\n\t\t\t\t\t\t\t\t\t\t\t\t\t<\/span>\n\t\t\t\t\t\t\t\t\t\t\t<\/a>\n\t\t\t\t\t\t\t\t\t<\/div>\n\t\t\t<\/div>\n\t\t\t\t\t<div class=\"qode-aig-image qode-item-space\">\n\t\t\t\t<div class=\"qode-aig-image-inner\">\n\t\t\t\t\t\t\t\t\t\t\t<a itemprop=\"image\" class=\"qode-aig-lightbox\" href=\"https:\/\/moadhome.com.br\/site\/wp-content\/uploads\/2024\/05\/Arquitetura-Beatriz-Zeglin_16b-scaled.jpg\" data-rel=\"prettyPhoto[image_gallery_pretty_photo-484]\" title=\"Arquitetura &#8211; Beatriz Zeglin_16b\">\n\t\t\t\t\t\t\t\t\t\t\t<img loading=\"lazy\" decoding=\"async\" src=\"https:\/\/moadhome.com.br\/site\/wp-content\/uploads\/2024\/05\/Arquitetura-Beatriz-Zeglin_16b-scaled-400x400.jpg\" alt=\"\" width=\"400\" height=\"400\" \/>\t\t\t\t\t\t<span class=\"aig-gallery-hover\">\n\t\t\t\t\t\t\t\t\t\t\t\t\t<\/span>\n\t\t\t\t\t\t\t\t\t\t\t<\/a>\n\t\t\t\t\t\t\t\t\t<\/div>\n\t\t\t<\/div>\n\t\t\t\t\t<div class=\"qode-aig-image qode-item-space\">\n\t\t\t\t<div class=\"qode-aig-image-inner\">\n\t\t\t\t\t\t\t\t\t\t\t<a itemprop=\"image\" class=\"qode-aig-lightbox\" href=\"https:\/\/moadhome.com.br\/site\/wp-content\/uploads\/2024\/06\/Arquitetura-Beatriz-Zeglin_21-scaled.jpg\" data-rel=\"prettyPhoto[image_gallery_pretty_photo-484]\" title=\"Arquitetura &#8211; Beatriz Zeglin_21\">\n\t\t\t\t\t\t\t\t\t\t\t<img loading=\"lazy\" decoding=\"async\" src=\"https:\/\/moadhome.com.br\/site\/wp-content\/uploads\/2024\/06\/Arquitetura-Beatriz-Zeglin_21-scaled-400x400.jpg\" alt=\"\" width=\"400\" height=\"400\" \/>\t\t\t\t\t\t<span class=\"aig-gallery-hover\">\n\t\t\t\t\t\t\t\t\t\t\t\t\t<\/span>\n\t\t\t\t\t\t\t\t\t\t\t<\/a>\n\t\t\t\t\t\t\t\t\t<\/div>\n\t\t\t<\/div>\n\t\t\t\t\t<div class=\"qode-aig-image qode-item-space\">\n\t\t\t\t<div class=\"qode-aig-image-inner\">\n\t\t\t\t\t\t\t\t\t\t\t<a itemprop=\"image\" class=\"qode-aig-lightbox\" href=\"https:\/\/moadhome.com.br\/site\/wp-content\/uploads\/2024\/05\/Arquitetura-Beatriz-Zeglin_19b-scaled.jpg\" data-rel=\"prettyPhoto[image_gallery_pretty_photo-484]\" title=\"Arquitetura &#8211; Beatriz Zeglin_19b\">\n\t\t\t\t\t\t\t\t\t\t\t<img loading=\"lazy\" decoding=\"async\" src=\"https:\/\/moadhome.com.br\/site\/wp-content\/uploads\/2024\/05\/Arquitetura-Beatriz-Zeglin_19b-scaled-400x400.jpg\" alt=\"\" width=\"400\" height=\"400\" \/>\t\t\t\t\t\t<span class=\"aig-gallery-hover\">\n\t\t\t\t\t\t\t\t\t\t\t\t\t<\/span>\n\t\t\t\t\t\t\t\t\t\t\t<\/a>\n\t\t\t\t\t\t\t\t\t<\/div>\n\t\t\t<\/div>\n\t\t\t\t\t<div class=\"qode-aig-image qode-item-space\">\n\t\t\t\t<div class=\"qode-aig-image-inner\">\n\t\t\t\t\t\t\t\t\t\t\t<a itemprop=\"image\" class=\"qode-aig-lightbox\" href=\"https:\/\/moadhome.com.br\/site\/wp-content\/uploads\/2024\/05\/Arquitetura-Beatriz-Zeglin_07-scaled.jpg\" data-rel=\"prettyPhoto[image_gallery_pretty_photo-484]\" title=\"Arquitetura &#8211; Beatriz Zeglin_07\">\n\t\t\t\t\t\t\t\t\t\t\t<img loading=\"lazy\" decoding=\"async\" src=\"https:\/\/moadhome.com.br\/site\/wp-content\/uploads\/2024\/05\/Arquitetura-Beatriz-Zeglin_07-scaled-400x400.jpg\" alt=\"\" width=\"400\" height=\"400\" \/>\t\t\t\t\t\t<span class=\"aig-gallery-hover\">\n\t\t\t\t\t\t\t\t\t\t\t\t\t<\/span>\n\t\t\t\t\t\t\t\t\t\t\t<\/a>\n\t\t\t\t\t\t\t\t\t<\/div>\n\t\t\t<\/div>\n\t\t\t\t\t<div class=\"qode-aig-image qode-item-space\">\n\t\t\t\t<div class=\"qode-aig-image-inner\">\n\t\t\t\t\t\t\t\t\t\t\t<a itemprop=\"image\" class=\"qode-aig-lightbox\" href=\"https:\/\/moadhome.com.br\/site\/wp-content\/uploads\/2024\/05\/Arquitetura-Beatriz-Zeglin_07b-1-scaled.jpg\" data-rel=\"prettyPhoto[image_gallery_pretty_photo-484]\" title=\"Arquitetura &#8211; Beatriz Zeglin_07b (1)\">\n\t\t\t\t\t\t\t\t\t\t\t<img loading=\"lazy\" decoding=\"async\" src=\"https:\/\/moadhome.com.br\/site\/wp-content\/uploads\/2024\/05\/Arquitetura-Beatriz-Zeglin_07b-1-scaled-400x400.jpg\" alt=\"\" width=\"400\" height=\"400\" \/>\t\t\t\t\t\t<span class=\"aig-gallery-hover\">\n\t\t\t\t\t\t\t\t\t\t\t\t\t<\/span>\n\t\t\t\t\t\t\t\t\t\t\t<\/a>\n\t\t\t\t\t\t\t\t\t<\/div>\n\t\t\t<\/div>\n\t\t\t\t\t<div class=\"qode-aig-image qode-item-space\">\n\t\t\t\t<div class=\"qode-aig-image-inner\">\n\t\t\t\t\t\t\t\t\t\t\t<a itemprop=\"image\" class=\"qode-aig-lightbox\" href=\"https:\/\/moadhome.com.br\/site\/wp-content\/uploads\/2024\/06\/Arquitetura-Beatriz-Zeglin_24-scaled.jpg\" data-rel=\"prettyPhoto[image_gallery_pretty_photo-484]\" title=\"Arquitetura &#8211; Beatriz Zeglin_24\">\n\t\t\t\t\t\t\t\t\t\t\t<img loading=\"lazy\" decoding=\"async\" src=\"https:\/\/moadhome.com.br\/site\/wp-content\/uploads\/2024\/06\/Arquitetura-Beatriz-Zeglin_24-scaled-400x400.jpg\" alt=\"\" width=\"400\" height=\"400\" \/>\t\t\t\t\t\t<span class=\"aig-gallery-hover\">\n\t\t\t\t\t\t\t\t\t\t\t\t\t<\/span>\n\t\t\t\t\t\t\t\t\t\t\t<\/a>\n\t\t\t\t\t\t\t\t\t<\/div>\n\t\t\t<\/div>\n\t\t\t\t\t<div class=\"qode-aig-image qode-item-space\">\n\t\t\t\t<div class=\"qode-aig-image-inner\">\n\t\t\t\t\t\t\t\t\t\t\t<a itemprop=\"image\" class=\"qode-aig-lightbox\" href=\"https:\/\/moadhome.com.br\/site\/wp-content\/uploads\/2024\/06\/Arquitetura-Beatriz-Zeglin_26b-scaled.jpg\" data-rel=\"prettyPhoto[image_gallery_pretty_photo-484]\" title=\"Arquitetura &#8211; Beatriz Zeglin_26b\">\n\t\t\t\t\t\t\t\t\t\t\t<img loading=\"lazy\" decoding=\"async\" src=\"https:\/\/moadhome.com.br\/site\/wp-content\/uploads\/2024\/06\/Arquitetura-Beatriz-Zeglin_26b-scaled-400x400.jpg\" alt=\"\" width=\"400\" height=\"400\" \/>\t\t\t\t\t\t<span class=\"aig-gallery-hover\">\n\t\t\t\t\t\t\t\t\t\t\t\t\t<\/span>\n\t\t\t\t\t\t\t\t\t\t\t<\/a>\n\t\t\t\t\t\t\t\t\t<\/div>\n\t\t\t<\/div>\n\t\t\t\t\t<div class=\"qode-aig-image qode-item-space\">\n\t\t\t\t<div class=\"qode-aig-image-inner\">\n\t\t\t\t\t\t\t\t\t\t\t<a itemprop=\"image\" class=\"qode-aig-lightbox\" href=\"https:\/\/moadhome.com.br\/site\/wp-content\/uploads\/2024\/06\/Arquitetura-Beatriz-Zeglin_25-scaled.jpg\" data-rel=\"prettyPhoto[image_gallery_pretty_photo-484]\" title=\"Arquitetura &#8211; Beatriz Zeglin_25\">\n\t\t\t\t\t\t\t\t\t\t\t<img loading=\"lazy\" decoding=\"async\" src=\"https:\/\/moadhome.com.br\/site\/wp-content\/uploads\/2024\/06\/Arquitetura-Beatriz-Zeglin_25-scaled-400x400.jpg\" alt=\"\" width=\"400\" height=\"400\" \/>\t\t\t\t\t\t<span class=\"aig-gallery-hover\">\n\t\t\t\t\t\t\t\t\t\t\t\t\t<\/span>\n\t\t\t\t\t\t\t\t\t\t\t<\/a>\n\t\t\t\t\t\t\t\t\t<\/div>\n\t\t\t<\/div>\n\t\t\t\t\t<div class=\"qode-aig-image qode-item-space\">\n\t\t\t\t<div class=\"qode-aig-image-inner\">\n\t\t\t\t\t\t\t\t\t\t\t<a itemprop=\"image\" class=\"qode-aig-lightbox\" href=\"https:\/\/moadhome.com.br\/site\/wp-content\/uploads\/2024\/05\/Arquitetura-Beatriz-Zeglin_12-scaled.jpg\" data-rel=\"prettyPhoto[image_gallery_pretty_photo-484]\" title=\"Arquitetura &#8211; Beatriz Zeglin_12\">\n\t\t\t\t\t\t\t\t\t\t\t<img loading=\"lazy\" decoding=\"async\" src=\"https:\/\/moadhome.com.br\/site\/wp-content\/uploads\/2024\/05\/Arquitetura-Beatriz-Zeglin_12-scaled-400x400.jpg\" alt=\"\" width=\"400\" height=\"400\" \/>\t\t\t\t\t\t<span class=\"aig-gallery-hover\">\n\t\t\t\t\t\t\t\t\t\t\t\t\t<\/span>\n\t\t\t\t\t\t\t\t\t\t\t<\/a>\n\t\t\t\t\t\t\t\t\t<\/div>\n\t\t\t<\/div>\n\t\t\t\t\t<div class=\"qode-aig-image qode-item-space\">\n\t\t\t\t<div class=\"qode-aig-image-inner\">\n\t\t\t\t\t\t\t\t\t\t\t<a itemprop=\"image\" class=\"qode-aig-lightbox\" href=\"https:\/\/moadhome.com.br\/site\/wp-content\/uploads\/2024\/05\/Arquitetura-Beatriz-Zeglin_13-scaled.jpg\" data-rel=\"prettyPhoto[image_gallery_pretty_photo-484]\" title=\"Arquitetura &#8211; Beatriz Zeglin_13\">\n\t\t\t\t\t\t\t\t\t\t\t<img loading=\"lazy\" decoding=\"async\" src=\"https:\/\/moadhome.com.br\/site\/wp-content\/uploads\/2024\/05\/Arquitetura-Beatriz-Zeglin_13-scaled-400x400.jpg\" alt=\"\" width=\"400\" height=\"400\" \/>\t\t\t\t\t\t<span class=\"aig-gallery-hover\">\n\t\t\t\t\t\t\t\t\t\t\t\t\t<\/span>\n\t\t\t\t\t\t\t\t\t\t\t<\/a>\n\t\t\t\t\t\t\t\t\t<\/div>\n\t\t\t<\/div>\n\t\t\t<\/div>\n<\/div>[vc_empty_space height=&#8221;22px&#8221;][vc_empty_space height=&#8221;15px&#8221;][vc_column_text]Com foco na cria\u00e7\u00e3o de experi\u00eancias \u00fanicas para os usu\u00e1rios dos espa\u00e7os projetados, o escrit\u00f3rio atua h\u00e1 nove anos com o desenvolvimento de projetos corporativos, comerciais e residenciais.<\/p>\n<p>O processo criativo busca a integra\u00e7\u00e3o de premissas de funcionalidade, design apurado e atemporalidade, utilizando a abordagem do design thinking para o desenvolvimento dos projetos. Dessa maneira, seu olhar \u00e9 traduzido em projetos singulares e especiais, transitando nas diversas escalas e segmentos.<\/p>\n<p>Sempre antenada nas tend\u00eancias de design e tecnologias para o segmento, a arquiteta participa dos principais eventos, mostras e feiras ao redor do mundo. O escrit\u00f3rio tamb\u00e9m teve estreia em collab na Casacor Santa Catarina, sendo premiado como melhor ambiente comercial e de uso p\u00fablico.[\/vc_column_text][vc_empty_space][\/vc_column][\/vc_row][vc_row css_animation=&#8221;&#8221; row_type=&#8221;row&#8221; use_row_as_full_screen_section=&#8221;no&#8221; type=&#8221;full_width&#8221; angled_section=&#8221;no&#8221; text_align=&#8221;left&#8221; background_image_as_pattern=&#8221;without_pattern&#8221; css=&#8221;.vc_custom_1690976818626{padding-top: 35px !important;padding-bottom: 35px !important;background-color: #0a0a0a !important;}&#8221; z_index=&#8221;&#8221;][vc_column][vc_column_text]<\/p>\n<h3 style=\"text-align: center;\"><span style=\"color: #ffffff;\">CURADORIA DE PROFISSIONAIS MOAD<\/span><\/h3>\n<p>[\/vc_column_text][\/vc_column][\/vc_row]<\/p>\n<\/div>","protected":false},"excerpt":{"rendered":"<p>[vc_row css_animation=&#8221;&#8221; row_type=&#8221;row&#8221; use_row_as_full_screen_section=&#8221;no&#8221; type=&#8221;grid&#8221; angled_section=&#8221;no&#8221; text_align=&#8221;left&#8221; background_image_as_pattern=&#8221;without_pattern&#8221; z_index=&#8221;&#8221;][vc_column][vc_empty_space height=&#8221;100px&#8221;][\/vc_column][\/vc_row][vc_row css_animation=&#8221;&#8221; row_type=&#8221;row&#8221; use_row_as_full_screen_section=&#8221;no&#8221; type=&#8221;grid&#8221; angled_section=&#8221;no&#8221; text_align=&#8221;left&#8221; background_image_as_pattern=&#8221;without_pattern&#8221; z_index=&#8221;&#8221;][vc_column width=&#8221;1\/3&#8243;][vc_column_text][\/vc_column_text][vc_column_text css=&#8221;.vc_custom_1715258410631{padding-top: 30px !important;padding-right: 30px !important;padding-left: 30px !important;background-color: #ededed !important;}&#8221;] PERFIL [\/vc_column_text][vc_column_text css=&#8221;.vc_custom_1720193169812{padding-top: 10px !important;padding-right: 30px !important;padding-bottom: 30px !important;padding-left: 30px !important;background-color: #ededed !important;}&#8221;]Nome: Beatriz Zeglin Instagram: @beatrizzeglinarquitetura[\/vc_column_text][vc_empty_space&#8230;<\/p>\n","protected":false},"author":1,"featured_media":0,"parent":0,"menu_order":0,"comment_status":"closed","ping_status":"closed","template":"full_width.php","meta":{"footnotes":""},"_links":{"self":[{"href":"https:\/\/moadhome.com.br\/site\/wp-json\/wp\/v2\/pages\/5006"}],"collection":[{"href":"https:\/\/moadhome.com.br\/site\/wp-json\/wp\/v2\/pages"}],"about":[{"href":"https:\/\/moadhome.com.br\/site\/wp-json\/wp\/v2\/types\/page"}],"author":[{"embeddable":true,"href":"https:\/\/moadhome.com.br\/site\/wp-json\/wp\/v2\/users\/1"}],"replies":[{"embeddable":true,"href":"https:\/\/moadhome.com.br\/site\/wp-json\/wp\/v2\/comments?post=5006"}],"version-history":[{"count":8,"href":"https:\/\/moadhome.com.br\/site\/wp-json\/wp\/v2\/pages\/5006\/revisions"}],"predecessor-version":[{"id":5763,"href":"https:\/\/moadhome.com.br\/site\/wp-json\/wp\/v2\/pages\/5006\/revisions\/5763"}],"wp:attachment":[{"href":"https:\/\/moadhome.com.br\/site\/wp-json\/wp\/v2\/media?parent=5006"}],"curies":[{"name":"wp","href":"https:\/\/api.w.org\/{rel}","templated":true}]}}