{"id":5027,"date":"2024-05-21T18:28:52","date_gmt":"2024-05-21T18:28:52","guid":{"rendered":"https:\/\/moadhome.com.br\/site\/?page_id=5027"},"modified":"2024-07-05T16:41:37","modified_gmt":"2024-07-05T16:41:37","slug":"fabiana-bussolin","status":"publish","type":"page","link":"https:\/\/moadhome.com.br\/site\/fabiana-bussolin\/","title":{"rendered":"Fabiana Bussolin"},"content":{"rendered":"<div class=\"wpb-content-wrapper\"><p>[vc_row css_animation=&#8221;&#8221; row_type=&#8221;row&#8221; use_row_as_full_screen_section=&#8221;no&#8221; type=&#8221;grid&#8221; angled_section=&#8221;no&#8221; text_align=&#8221;left&#8221; background_image_as_pattern=&#8221;without_pattern&#8221; z_index=&#8221;&#8221;][vc_column][vc_empty_space height=&#8221;100px&#8221;][\/vc_column][\/vc_row][vc_row css_animation=&#8221;&#8221; row_type=&#8221;row&#8221; use_row_as_full_screen_section=&#8221;no&#8221; type=&#8221;grid&#8221; angled_section=&#8221;no&#8221; text_align=&#8221;left&#8221; background_image_as_pattern=&#8221;without_pattern&#8221; z_index=&#8221;&#8221;][vc_column width=&#8221;1\/3&#8243;][vc_column_text]<img loading=\"lazy\" decoding=\"async\" class=\"alignnone wp-image-5020 size-full\" src=\"https:\/\/moadhome.com.br\/site\/wp-content\/uploads\/2024\/05\/Fabiana-Bussolin.png\" alt=\"\" width=\"350\" height=\"400\" srcset=\"https:\/\/moadhome.com.br\/site\/wp-content\/uploads\/2024\/05\/Fabiana-Bussolin.png 350w, https:\/\/moadhome.com.br\/site\/wp-content\/uploads\/2024\/05\/Fabiana-Bussolin-263x300.png 263w\" sizes=\"(max-width: 350px) 100vw, 350px\" \/>[\/vc_column_text][vc_column_text css=&#8221;.vc_custom_1715258410631{padding-top: 30px !important;padding-right: 30px !important;padding-left: 30px !important;background-color: #ededed !important;}&#8221;]<\/p>\n<h3>PERFIL<\/h3>\n<p>[\/vc_column_text][vc_column_text css=&#8221;.vc_custom_1720197682998{padding-top: 10px !important;padding-right: 30px !important;padding-bottom: 30px !important;padding-left: 30px !important;background-color: #ededed !important;}&#8221;]<strong>Nome:<\/strong> Fabiana Bussolin<\/p>\n<p><strong>Instagram:<a href=\"https:\/\/www.instagram.com\/fluir_arq\/\" target=\"_blank\" rel=\"noopener\"> @fluir_arq<\/a><\/strong>[\/vc_column_text][vc_empty_space height=&#8221;200px&#8221; css=&#8221;.vc_custom_1715259330790{background-color: #ededed !important;}&#8221;][\/vc_column][vc_column width=&#8221;2\/3&#8243;]<div class=\"qode-advanced-image-gallery  qode-aig-grid-type qode-tiny-space  qode-image-behavior-lightbox \">\n\t<div class=\"qode-aig-inner qode-outer-space qode-aig-grid qode-aig-four-columns\">\n\t\t\t\t\t<div class=\"qode-aig-image qode-item-space\">\n\t\t\t\t<div class=\"qode-aig-image-inner\">\n\t\t\t\t\t\t\t\t\t\t\t<a itemprop=\"image\" class=\"qode-aig-lightbox\" href=\"https:\/\/moadhome.com.br\/site\/wp-content\/uploads\/2024\/05\/Fabiana-Bussolin_01-scaled.jpg\" data-rel=\"prettyPhoto[image_gallery_pretty_photo-40]\" title=\"Fabiana Bussolin_01\">\n\t\t\t\t\t\t\t\t\t\t\t<img loading=\"lazy\" decoding=\"async\" src=\"https:\/\/moadhome.com.br\/site\/wp-content\/uploads\/2024\/05\/Fabiana-Bussolin_01-scaled-400x400.jpg\" alt=\"\" width=\"400\" height=\"400\" \/>\t\t\t\t\t\t<span class=\"aig-gallery-hover\">\n\t\t\t\t\t\t\t\t\t\t\t\t\t<\/span>\n\t\t\t\t\t\t\t\t\t\t\t<\/a>\n\t\t\t\t\t\t\t\t\t<\/div>\n\t\t\t<\/div>\n\t\t\t\t\t<div class=\"qode-aig-image qode-item-space\">\n\t\t\t\t<div class=\"qode-aig-image-inner\">\n\t\t\t\t\t\t\t\t\t\t\t<a itemprop=\"image\" class=\"qode-aig-lightbox\" href=\"https:\/\/moadhome.com.br\/site\/wp-content\/uploads\/2024\/05\/Fabiana-Bussolin_02-scaled.jpg\" data-rel=\"prettyPhoto[image_gallery_pretty_photo-40]\" title=\"Fabiana Bussolin_02\">\n\t\t\t\t\t\t\t\t\t\t\t<img loading=\"lazy\" decoding=\"async\" src=\"https:\/\/moadhome.com.br\/site\/wp-content\/uploads\/2024\/05\/Fabiana-Bussolin_02-scaled-400x400.jpg\" alt=\"\" width=\"400\" height=\"400\" \/>\t\t\t\t\t\t<span class=\"aig-gallery-hover\">\n\t\t\t\t\t\t\t\t\t\t\t\t\t<\/span>\n\t\t\t\t\t\t\t\t\t\t\t<\/a>\n\t\t\t\t\t\t\t\t\t<\/div>\n\t\t\t<\/div>\n\t\t\t\t\t<div class=\"qode-aig-image qode-item-space\">\n\t\t\t\t<div class=\"qode-aig-image-inner\">\n\t\t\t\t\t\t\t\t\t\t\t<a itemprop=\"image\" class=\"qode-aig-lightbox\" href=\"https:\/\/moadhome.com.br\/site\/wp-content\/uploads\/2024\/05\/Fabiana-Bussolin_04-scaled.jpg\" data-rel=\"prettyPhoto[image_gallery_pretty_photo-40]\" title=\"Fabiana Bussolin_04\">\n\t\t\t\t\t\t\t\t\t\t\t<img loading=\"lazy\" decoding=\"async\" src=\"https:\/\/moadhome.com.br\/site\/wp-content\/uploads\/2024\/05\/Fabiana-Bussolin_04-scaled-400x400.jpg\" alt=\"\" width=\"400\" height=\"400\" \/>\t\t\t\t\t\t<span class=\"aig-gallery-hover\">\n\t\t\t\t\t\t\t\t\t\t\t\t\t<\/span>\n\t\t\t\t\t\t\t\t\t\t\t<\/a>\n\t\t\t\t\t\t\t\t\t<\/div>\n\t\t\t<\/div>\n\t\t\t\t\t<div class=\"qode-aig-image qode-item-space\">\n\t\t\t\t<div class=\"qode-aig-image-inner\">\n\t\t\t\t\t\t\t\t\t\t\t<a itemprop=\"image\" class=\"qode-aig-lightbox\" href=\"https:\/\/moadhome.com.br\/site\/wp-content\/uploads\/2024\/05\/Fabiana-Bussolin_05-scaled.jpg\" data-rel=\"prettyPhoto[image_gallery_pretty_photo-40]\" title=\"Fabiana Bussolin_05\">\n\t\t\t\t\t\t\t\t\t\t\t<img loading=\"lazy\" decoding=\"async\" src=\"https:\/\/moadhome.com.br\/site\/wp-content\/uploads\/2024\/05\/Fabiana-Bussolin_05-scaled-400x400.jpg\" alt=\"\" width=\"400\" height=\"400\" \/>\t\t\t\t\t\t<span class=\"aig-gallery-hover\">\n\t\t\t\t\t\t\t\t\t\t\t\t\t<\/span>\n\t\t\t\t\t\t\t\t\t\t\t<\/a>\n\t\t\t\t\t\t\t\t\t<\/div>\n\t\t\t<\/div>\n\t\t\t\t\t<div class=\"qode-aig-image qode-item-space\">\n\t\t\t\t<div class=\"qode-aig-image-inner\">\n\t\t\t\t\t\t\t\t\t\t\t<a itemprop=\"image\" class=\"qode-aig-lightbox\" href=\"https:\/\/moadhome.com.br\/site\/wp-content\/uploads\/2024\/05\/Fabiana-Bussolin_06-scaled.jpg\" data-rel=\"prettyPhoto[image_gallery_pretty_photo-40]\" title=\"Fabiana Bussolin_06\">\n\t\t\t\t\t\t\t\t\t\t\t<img loading=\"lazy\" decoding=\"async\" src=\"https:\/\/moadhome.com.br\/site\/wp-content\/uploads\/2024\/05\/Fabiana-Bussolin_06-scaled-400x400.jpg\" alt=\"\" width=\"400\" height=\"400\" \/>\t\t\t\t\t\t<span class=\"aig-gallery-hover\">\n\t\t\t\t\t\t\t\t\t\t\t\t\t<\/span>\n\t\t\t\t\t\t\t\t\t\t\t<\/a>\n\t\t\t\t\t\t\t\t\t<\/div>\n\t\t\t<\/div>\n\t\t\t\t\t<div class=\"qode-aig-image qode-item-space\">\n\t\t\t\t<div class=\"qode-aig-image-inner\">\n\t\t\t\t\t\t\t\t\t\t\t<a itemprop=\"image\" class=\"qode-aig-lightbox\" href=\"https:\/\/moadhome.com.br\/site\/wp-content\/uploads\/2024\/05\/Fabiana-Bussolin_08-scaled.jpg\" data-rel=\"prettyPhoto[image_gallery_pretty_photo-40]\" title=\"Fabiana Bussolin_08\">\n\t\t\t\t\t\t\t\t\t\t\t<img loading=\"lazy\" decoding=\"async\" src=\"https:\/\/moadhome.com.br\/site\/wp-content\/uploads\/2024\/05\/Fabiana-Bussolin_08-scaled-400x400.jpg\" alt=\"\" width=\"400\" height=\"400\" \/>\t\t\t\t\t\t<span class=\"aig-gallery-hover\">\n\t\t\t\t\t\t\t\t\t\t\t\t\t<\/span>\n\t\t\t\t\t\t\t\t\t\t\t<\/a>\n\t\t\t\t\t\t\t\t\t<\/div>\n\t\t\t<\/div>\n\t\t\t\t\t<div class=\"qode-aig-image qode-item-space\">\n\t\t\t\t<div class=\"qode-aig-image-inner\">\n\t\t\t\t\t\t\t\t\t\t\t<a itemprop=\"image\" class=\"qode-aig-lightbox\" href=\"https:\/\/moadhome.com.br\/site\/wp-content\/uploads\/2024\/05\/Fabiana-Bussolin_10-scaled.jpg\" data-rel=\"prettyPhoto[image_gallery_pretty_photo-40]\" title=\"Fabiana Bussolin_10\">\n\t\t\t\t\t\t\t\t\t\t\t<img loading=\"lazy\" decoding=\"async\" src=\"https:\/\/moadhome.com.br\/site\/wp-content\/uploads\/2024\/05\/Fabiana-Bussolin_10-scaled-400x400.jpg\" alt=\"\" width=\"400\" height=\"400\" \/>\t\t\t\t\t\t<span class=\"aig-gallery-hover\">\n\t\t\t\t\t\t\t\t\t\t\t\t\t<\/span>\n\t\t\t\t\t\t\t\t\t\t\t<\/a>\n\t\t\t\t\t\t\t\t\t<\/div>\n\t\t\t<\/div>\n\t\t\t\t\t<div class=\"qode-aig-image qode-item-space\">\n\t\t\t\t<div class=\"qode-aig-image-inner\">\n\t\t\t\t\t\t\t\t\t\t\t<a itemprop=\"image\" class=\"qode-aig-lightbox\" href=\"https:\/\/moadhome.com.br\/site\/wp-content\/uploads\/2024\/05\/Fabiana-Bussolin_11-scaled.jpg\" data-rel=\"prettyPhoto[image_gallery_pretty_photo-40]\" title=\"Fabiana Bussolin_11\">\n\t\t\t\t\t\t\t\t\t\t\t<img loading=\"lazy\" decoding=\"async\" src=\"https:\/\/moadhome.com.br\/site\/wp-content\/uploads\/2024\/05\/Fabiana-Bussolin_11-scaled-400x400.jpg\" alt=\"\" width=\"400\" height=\"400\" \/>\t\t\t\t\t\t<span class=\"aig-gallery-hover\">\n\t\t\t\t\t\t\t\t\t\t\t\t\t<\/span>\n\t\t\t\t\t\t\t\t\t\t\t<\/a>\n\t\t\t\t\t\t\t\t\t<\/div>\n\t\t\t<\/div>\n\t\t\t\t\t<div class=\"qode-aig-image qode-item-space\">\n\t\t\t\t<div class=\"qode-aig-image-inner\">\n\t\t\t\t\t\t\t\t\t\t\t<a itemprop=\"image\" class=\"qode-aig-lightbox\" href=\"https:\/\/moadhome.com.br\/site\/wp-content\/uploads\/2024\/06\/Fabiana-Bussolin_07-scaled.jpg\" data-rel=\"prettyPhoto[image_gallery_pretty_photo-40]\" title=\"Fabiana Bussolin_07\">\n\t\t\t\t\t\t\t\t\t\t\t<img loading=\"lazy\" decoding=\"async\" src=\"https:\/\/moadhome.com.br\/site\/wp-content\/uploads\/2024\/06\/Fabiana-Bussolin_07-scaled-400x400.jpg\" alt=\"\" width=\"400\" height=\"400\" \/>\t\t\t\t\t\t<span class=\"aig-gallery-hover\">\n\t\t\t\t\t\t\t\t\t\t\t\t\t<\/span>\n\t\t\t\t\t\t\t\t\t\t\t<\/a>\n\t\t\t\t\t\t\t\t\t<\/div>\n\t\t\t<\/div>\n\t\t\t\t\t<div class=\"qode-aig-image qode-item-space\">\n\t\t\t\t<div class=\"qode-aig-image-inner\">\n\t\t\t\t\t\t\t\t\t\t\t<a itemprop=\"image\" class=\"qode-aig-lightbox\" href=\"https:\/\/moadhome.com.br\/site\/wp-content\/uploads\/2024\/06\/Fabiana-Bussolin_12-scaled.jpg\" data-rel=\"prettyPhoto[image_gallery_pretty_photo-40]\" title=\"Fabiana Bussolin_12\">\n\t\t\t\t\t\t\t\t\t\t\t<img loading=\"lazy\" decoding=\"async\" src=\"https:\/\/moadhome.com.br\/site\/wp-content\/uploads\/2024\/06\/Fabiana-Bussolin_12-scaled-400x400.jpg\" alt=\"\" width=\"400\" height=\"400\" \/>\t\t\t\t\t\t<span class=\"aig-gallery-hover\">\n\t\t\t\t\t\t\t\t\t\t\t\t\t<\/span>\n\t\t\t\t\t\t\t\t\t\t\t<\/a>\n\t\t\t\t\t\t\t\t\t<\/div>\n\t\t\t<\/div>\n\t\t\t\t\t<div class=\"qode-aig-image qode-item-space\">\n\t\t\t\t<div class=\"qode-aig-image-inner\">\n\t\t\t\t\t\t\t\t\t\t\t<a itemprop=\"image\" class=\"qode-aig-lightbox\" href=\"https:\/\/moadhome.com.br\/site\/wp-content\/uploads\/2024\/06\/Fabiana-Bussolin_15-scaled.jpg\" data-rel=\"prettyPhoto[image_gallery_pretty_photo-40]\" title=\"Fabiana Bussolin_15\">\n\t\t\t\t\t\t\t\t\t\t\t<img loading=\"lazy\" decoding=\"async\" src=\"https:\/\/moadhome.com.br\/site\/wp-content\/uploads\/2024\/06\/Fabiana-Bussolin_15-scaled-400x400.jpg\" alt=\"\" width=\"400\" height=\"400\" \/>\t\t\t\t\t\t<span class=\"aig-gallery-hover\">\n\t\t\t\t\t\t\t\t\t\t\t\t\t<\/span>\n\t\t\t\t\t\t\t\t\t\t\t<\/a>\n\t\t\t\t\t\t\t\t\t<\/div>\n\t\t\t<\/div>\n\t\t\t\t\t<div class=\"qode-aig-image qode-item-space\">\n\t\t\t\t<div class=\"qode-aig-image-inner\">\n\t\t\t\t\t\t\t\t\t\t\t<a itemprop=\"image\" class=\"qode-aig-lightbox\" href=\"https:\/\/moadhome.com.br\/site\/wp-content\/uploads\/2024\/06\/Fabiana-Bussolin_13-scaled.jpg\" data-rel=\"prettyPhoto[image_gallery_pretty_photo-40]\" title=\"Fabiana Bussolin_13\">\n\t\t\t\t\t\t\t\t\t\t\t<img loading=\"lazy\" decoding=\"async\" src=\"https:\/\/moadhome.com.br\/site\/wp-content\/uploads\/2024\/06\/Fabiana-Bussolin_13-scaled-400x400.jpg\" alt=\"\" width=\"400\" height=\"400\" \/>\t\t\t\t\t\t<span class=\"aig-gallery-hover\">\n\t\t\t\t\t\t\t\t\t\t\t\t\t<\/span>\n\t\t\t\t\t\t\t\t\t\t\t<\/a>\n\t\t\t\t\t\t\t\t\t<\/div>\n\t\t\t<\/div>\n\t\t\t<\/div>\n<\/div>[vc_empty_space height=&#8221;22px&#8221;][vc_empty_space height=&#8221;15px&#8221;][vc_column_text]Somos um escrit\u00f3rio atuante em arquitetura corporativa, residencial e interiores.<\/p>\n<p>Percebemos os desejos e as necessidades das pessoas e a sua forma de viver para realizar um trabalho de sucesso.<\/p>\n<p>Temos certeza que a versatilidade e a disponibilidade em estarmos abertos ao novo, aliados com a experi\u00eancia nas diversas \u00e1reas da<\/p>\n<p>&nbsp;<\/p>\n<p>Arquitetura, garantem a nossa atua\u00e7\u00e3o em todas etapas as etapas construtivas, possibilitando a satisfa\u00e7\u00e3o do cliente e, consequentemente, e a nossa.<\/p>\n<p>Diretora arquiteta e especialista em tecnologia da constru\u00e7\u00e3o<br \/>\nFabiana Bussolin.[\/vc_column_text][vc_empty_space][\/vc_column][\/vc_row][vc_row css_animation=&#8221;&#8221; row_type=&#8221;row&#8221; use_row_as_full_screen_section=&#8221;no&#8221; type=&#8221;full_width&#8221; angled_section=&#8221;no&#8221; text_align=&#8221;left&#8221; background_image_as_pattern=&#8221;without_pattern&#8221; css=&#8221;.vc_custom_1690976818626{padding-top: 35px !important;padding-bottom: 35px !important;background-color: #0a0a0a !important;}&#8221; z_index=&#8221;&#8221;][vc_column][vc_column_text]<\/p>\n<h3 style=\"text-align: center;\"><span style=\"color: #ffffff;\">CURADORIA DE PROFISSIONAIS MOAD<\/span><\/h3>\n<p>[\/vc_column_text][\/vc_column][\/vc_row]<\/p>\n<\/div>","protected":false},"excerpt":{"rendered":"<p>[vc_row css_animation=&#8221;&#8221; row_type=&#8221;row&#8221; use_row_as_full_screen_section=&#8221;no&#8221; type=&#8221;grid&#8221; angled_section=&#8221;no&#8221; text_align=&#8221;left&#8221; background_image_as_pattern=&#8221;without_pattern&#8221; z_index=&#8221;&#8221;][vc_column][vc_empty_space height=&#8221;100px&#8221;][\/vc_column][\/vc_row][vc_row css_animation=&#8221;&#8221; row_type=&#8221;row&#8221; use_row_as_full_screen_section=&#8221;no&#8221; type=&#8221;grid&#8221; angled_section=&#8221;no&#8221; text_align=&#8221;left&#8221; background_image_as_pattern=&#8221;without_pattern&#8221; z_index=&#8221;&#8221;][vc_column width=&#8221;1\/3&#8243;][vc_column_text][\/vc_column_text][vc_column_text css=&#8221;.vc_custom_1715258410631{padding-top: 30px !important;padding-right: 30px !important;padding-left: 30px !important;background-color: #ededed !important;}&#8221;] PERFIL [\/vc_column_text][vc_column_text css=&#8221;.vc_custom_1720197682998{padding-top: 10px !important;padding-right: 30px !important;padding-bottom: 30px !important;padding-left: 30px !important;background-color: #ededed !important;}&#8221;]Nome: Fabiana Bussolin Instagram: @fluir_arq[\/vc_column_text][vc_empty_space&#8230;<\/p>\n","protected":false},"author":1,"featured_media":0,"parent":0,"menu_order":0,"comment_status":"closed","ping_status":"closed","template":"full_width.php","meta":{"footnotes":""},"_links":{"self":[{"href":"https:\/\/moadhome.com.br\/site\/wp-json\/wp\/v2\/pages\/5027"}],"collection":[{"href":"https:\/\/moadhome.com.br\/site\/wp-json\/wp\/v2\/pages"}],"about":[{"href":"https:\/\/moadhome.com.br\/site\/wp-json\/wp\/v2\/types\/page"}],"author":[{"embeddable":true,"href":"https:\/\/moadhome.com.br\/site\/wp-json\/wp\/v2\/users\/1"}],"replies":[{"embeddable":true,"href":"https:\/\/moadhome.com.br\/site\/wp-json\/wp\/v2\/comments?post=5027"}],"version-history":[{"count":6,"href":"https:\/\/moadhome.com.br\/site\/wp-json\/wp\/v2\/pages\/5027\/revisions"}],"predecessor-version":[{"id":5767,"href":"https:\/\/moadhome.com.br\/site\/wp-json\/wp\/v2\/pages\/5027\/revisions\/5767"}],"wp:attachment":[{"href":"https:\/\/moadhome.com.br\/site\/wp-json\/wp\/v2\/media?parent=5027"}],"curies":[{"name":"wp","href":"https:\/\/api.w.org\/{rel}","templated":true}]}}