{"id":5037,"date":"2024-05-21T18:47:05","date_gmt":"2024-05-21T18:47:05","guid":{"rendered":"https:\/\/moadhome.com.br\/site\/?page_id=5037"},"modified":"2024-07-05T16:42:44","modified_gmt":"2024-07-05T16:42:44","slug":"fabio-vitorino-e-lais-forte","status":"publish","type":"page","link":"https:\/\/moadhome.com.br\/site\/fabio-vitorino-e-lais-forte\/","title":{"rendered":"Fabio Vitorino e Lais Forte"},"content":{"rendered":"<div class=\"wpb-content-wrapper\"><p>[vc_row css_animation=&#8221;&#8221; row_type=&#8221;row&#8221; use_row_as_full_screen_section=&#8221;no&#8221; type=&#8221;grid&#8221; angled_section=&#8221;no&#8221; text_align=&#8221;left&#8221; background_image_as_pattern=&#8221;without_pattern&#8221; z_index=&#8221;&#8221;][vc_column][vc_empty_space height=&#8221;100px&#8221;][\/vc_column][\/vc_row][vc_row css_animation=&#8221;&#8221; row_type=&#8221;row&#8221; use_row_as_full_screen_section=&#8221;no&#8221; type=&#8221;grid&#8221; angled_section=&#8221;no&#8221; text_align=&#8221;left&#8221; background_image_as_pattern=&#8221;without_pattern&#8221; z_index=&#8221;&#8221;][vc_column width=&#8221;1\/3&#8243;][vc_column_text]<img loading=\"lazy\" decoding=\"async\" class=\"alignnone wp-image-5021 size-full\" src=\"https:\/\/moadhome.com.br\/site\/wp-content\/uploads\/2024\/05\/Fabio-Vitorino-e-Lais-Forte.png\" alt=\"\" width=\"350\" height=\"400\" srcset=\"https:\/\/moadhome.com.br\/site\/wp-content\/uploads\/2024\/05\/Fabio-Vitorino-e-Lais-Forte.png 350w, https:\/\/moadhome.com.br\/site\/wp-content\/uploads\/2024\/05\/Fabio-Vitorino-e-Lais-Forte-263x300.png 263w\" sizes=\"(max-width: 350px) 100vw, 350px\" \/>[\/vc_column_text][vc_column_text css=&#8221;.vc_custom_1715258410631{padding-top: 30px !important;padding-right: 30px !important;padding-left: 30px !important;background-color: #ededed !important;}&#8221;]<\/p>\n<h3>PERFIL<\/h3>\n<p>[\/vc_column_text][vc_column_text css=&#8221;.vc_custom_1720197746447{padding-top: 10px !important;padding-right: 30px !important;padding-bottom: 30px !important;padding-left: 30px !important;background-color: #ededed !important;}&#8221;]<strong>Nome:<\/strong> Fabio Vitorino e Lais Forte<\/p>\n<p><strong>Instagram:<a href=\"https:\/\/www.instagram.com\/allurearqedecor\/\" target=\"_blank\" rel=\"noopener\"> @allurearqedecor<\/a><\/strong>[\/vc_column_text][vc_empty_space height=&#8221;200px&#8221; css=&#8221;.vc_custom_1715259330790{background-color: #ededed !important;}&#8221;][\/vc_column][vc_column width=&#8221;2\/3&#8243;]<div class=\"qode-advanced-image-gallery  qode-aig-grid-type qode-tiny-space  qode-image-behavior-lightbox \">\n\t<div class=\"qode-aig-inner qode-outer-space qode-aig-grid qode-aig-four-columns\">\n\t\t\t\t\t<div class=\"qode-aig-image qode-item-space\">\n\t\t\t\t<div class=\"qode-aig-image-inner\">\n\t\t\t\t\t\t\t\t\t\t\t<a itemprop=\"image\" class=\"qode-aig-lightbox\" href=\"https:\/\/moadhome.com.br\/site\/wp-content\/uploads\/2024\/05\/Cadeira-Cult-Casa-Cor_.jpg\" data-rel=\"prettyPhoto[image_gallery_pretty_photo-807]\" title=\"Cadeira Cult Casa Cor_\">\n\t\t\t\t\t\t\t\t\t\t\t<img loading=\"lazy\" decoding=\"async\" src=\"https:\/\/moadhome.com.br\/site\/wp-content\/uploads\/2024\/05\/Cadeira-Cult-Casa-Cor_-400x400.jpg\" alt=\"\" width=\"400\" height=\"400\" \/>\t\t\t\t\t\t<span class=\"aig-gallery-hover\">\n\t\t\t\t\t\t\t\t\t\t\t\t\t<\/span>\n\t\t\t\t\t\t\t\t\t\t\t<\/a>\n\t\t\t\t\t\t\t\t\t<\/div>\n\t\t\t<\/div>\n\t\t\t\t\t<div class=\"qode-aig-image qode-item-space\">\n\t\t\t\t<div class=\"qode-aig-image-inner\">\n\t\t\t\t\t\t\t\t\t\t\t<a itemprop=\"image\" class=\"qode-aig-lightbox\" href=\"https:\/\/moadhome.com.br\/site\/wp-content\/uploads\/2024\/05\/Cadeira-Cult-com-bracos-casa-cor-2021.jpg\" data-rel=\"prettyPhoto[image_gallery_pretty_photo-807]\" title=\"Cadeira Cult com bra\u00e7os casa cor 2021\">\n\t\t\t\t\t\t\t\t\t\t\t<img loading=\"lazy\" decoding=\"async\" src=\"https:\/\/moadhome.com.br\/site\/wp-content\/uploads\/2024\/05\/Cadeira-Cult-com-bracos-casa-cor-2021-400x400.jpg\" alt=\"\" width=\"400\" height=\"400\" \/>\t\t\t\t\t\t<span class=\"aig-gallery-hover\">\n\t\t\t\t\t\t\t\t\t\t\t\t\t<\/span>\n\t\t\t\t\t\t\t\t\t\t\t<\/a>\n\t\t\t\t\t\t\t\t\t<\/div>\n\t\t\t<\/div>\n\t\t\t\t\t<div class=\"qode-aig-image qode-item-space\">\n\t\t\t\t<div class=\"qode-aig-image-inner\">\n\t\t\t\t\t\t\t\t\t\t\t<a itemprop=\"image\" class=\"qode-aig-lightbox\" href=\"https:\/\/moadhome.com.br\/site\/wp-content\/uploads\/2024\/05\/fiord.jpg\" data-rel=\"prettyPhoto[image_gallery_pretty_photo-807]\" title=\"fiord\">\n\t\t\t\t\t\t\t\t\t\t\t<img loading=\"lazy\" decoding=\"async\" src=\"https:\/\/moadhome.com.br\/site\/wp-content\/uploads\/2024\/05\/fiord-400x400.jpg\" alt=\"\" width=\"400\" height=\"400\" \/>\t\t\t\t\t\t<span class=\"aig-gallery-hover\">\n\t\t\t\t\t\t\t\t\t\t\t\t\t<\/span>\n\t\t\t\t\t\t\t\t\t\t\t<\/a>\n\t\t\t\t\t\t\t\t\t<\/div>\n\t\t\t<\/div>\n\t\t\t\t\t<div class=\"qode-aig-image qode-item-space\">\n\t\t\t\t<div class=\"qode-aig-image-inner\">\n\t\t\t\t\t\t\t\t\t\t\t<a itemprop=\"image\" class=\"qode-aig-lightbox\" href=\"https:\/\/moadhome.com.br\/site\/wp-content\/uploads\/2024\/05\/Moad_01-scaled.jpg\" data-rel=\"prettyPhoto[image_gallery_pretty_photo-807]\" title=\"Moad_01\">\n\t\t\t\t\t\t\t\t\t\t\t<img loading=\"lazy\" decoding=\"async\" src=\"https:\/\/moadhome.com.br\/site\/wp-content\/uploads\/2024\/05\/Moad_01-scaled-400x400.jpg\" alt=\"\" width=\"400\" height=\"400\" \/>\t\t\t\t\t\t<span class=\"aig-gallery-hover\">\n\t\t\t\t\t\t\t\t\t\t\t\t\t<\/span>\n\t\t\t\t\t\t\t\t\t\t\t<\/a>\n\t\t\t\t\t\t\t\t\t<\/div>\n\t\t\t<\/div>\n\t\t\t\t\t<div class=\"qode-aig-image qode-item-space\">\n\t\t\t\t<div class=\"qode-aig-image-inner\">\n\t\t\t\t\t\t\t\t\t\t\t<a itemprop=\"image\" class=\"qode-aig-lightbox\" href=\"https:\/\/moadhome.com.br\/site\/wp-content\/uploads\/2024\/05\/Moad_02-scaled.jpg\" data-rel=\"prettyPhoto[image_gallery_pretty_photo-807]\" title=\"Moad_02\">\n\t\t\t\t\t\t\t\t\t\t\t<img loading=\"lazy\" decoding=\"async\" src=\"https:\/\/moadhome.com.br\/site\/wp-content\/uploads\/2024\/05\/Moad_02-scaled-400x400.jpg\" alt=\"\" width=\"400\" height=\"400\" \/>\t\t\t\t\t\t<span class=\"aig-gallery-hover\">\n\t\t\t\t\t\t\t\t\t\t\t\t\t<\/span>\n\t\t\t\t\t\t\t\t\t\t\t<\/a>\n\t\t\t\t\t\t\t\t\t<\/div>\n\t\t\t<\/div>\n\t\t\t\t\t<div class=\"qode-aig-image qode-item-space\">\n\t\t\t\t<div class=\"qode-aig-image-inner\">\n\t\t\t\t\t\t\t\t\t\t\t<a itemprop=\"image\" class=\"qode-aig-lightbox\" href=\"https:\/\/moadhome.com.br\/site\/wp-content\/uploads\/2024\/05\/Moad_06-scaled.jpg\" data-rel=\"prettyPhoto[image_gallery_pretty_photo-807]\" title=\"Moad_06\">\n\t\t\t\t\t\t\t\t\t\t\t<img loading=\"lazy\" decoding=\"async\" src=\"https:\/\/moadhome.com.br\/site\/wp-content\/uploads\/2024\/05\/Moad_06-scaled-400x400.jpg\" alt=\"\" width=\"400\" height=\"400\" \/>\t\t\t\t\t\t<span class=\"aig-gallery-hover\">\n\t\t\t\t\t\t\t\t\t\t\t\t\t<\/span>\n\t\t\t\t\t\t\t\t\t\t\t<\/a>\n\t\t\t\t\t\t\t\t\t<\/div>\n\t\t\t<\/div>\n\t\t\t\t\t<div class=\"qode-aig-image qode-item-space\">\n\t\t\t\t<div class=\"qode-aig-image-inner\">\n\t\t\t\t\t\t\t\t\t\t\t<a itemprop=\"image\" class=\"qode-aig-lightbox\" href=\"https:\/\/moadhome.com.br\/site\/wp-content\/uploads\/2024\/05\/Moad_09-scaled.jpg\" data-rel=\"prettyPhoto[image_gallery_pretty_photo-807]\" title=\"Moad_09\">\n\t\t\t\t\t\t\t\t\t\t\t<img loading=\"lazy\" decoding=\"async\" src=\"https:\/\/moadhome.com.br\/site\/wp-content\/uploads\/2024\/05\/Moad_09-scaled-400x400.jpg\" alt=\"\" width=\"400\" height=\"400\" \/>\t\t\t\t\t\t<span class=\"aig-gallery-hover\">\n\t\t\t\t\t\t\t\t\t\t\t\t\t<\/span>\n\t\t\t\t\t\t\t\t\t\t\t<\/a>\n\t\t\t\t\t\t\t\t\t<\/div>\n\t\t\t<\/div>\n\t\t\t\t\t<div class=\"qode-aig-image qode-item-space\">\n\t\t\t\t<div class=\"qode-aig-image-inner\">\n\t\t\t\t\t\t\t\t\t\t\t<a itemprop=\"image\" class=\"qode-aig-lightbox\" href=\"https:\/\/moadhome.com.br\/site\/wp-content\/uploads\/2024\/05\/Moad_10-scaled.jpg\" data-rel=\"prettyPhoto[image_gallery_pretty_photo-807]\" title=\"Moad_10\">\n\t\t\t\t\t\t\t\t\t\t\t<img loading=\"lazy\" decoding=\"async\" src=\"https:\/\/moadhome.com.br\/site\/wp-content\/uploads\/2024\/05\/Moad_10-scaled-400x400.jpg\" alt=\"\" width=\"400\" height=\"400\" \/>\t\t\t\t\t\t<span class=\"aig-gallery-hover\">\n\t\t\t\t\t\t\t\t\t\t\t\t\t<\/span>\n\t\t\t\t\t\t\t\t\t\t\t<\/a>\n\t\t\t\t\t\t\t\t\t<\/div>\n\t\t\t<\/div>\n\t\t\t\t\t<div class=\"qode-aig-image qode-item-space\">\n\t\t\t\t<div class=\"qode-aig-image-inner\">\n\t\t\t\t\t\t\t\t\t\t\t<a itemprop=\"image\" class=\"qode-aig-lightbox\" href=\"https:\/\/moadhome.com.br\/site\/wp-content\/uploads\/2024\/06\/Moad_09-scaled.jpg\" data-rel=\"prettyPhoto[image_gallery_pretty_photo-807]\" title=\"Moad_09\">\n\t\t\t\t\t\t\t\t\t\t\t<img loading=\"lazy\" decoding=\"async\" src=\"https:\/\/moadhome.com.br\/site\/wp-content\/uploads\/2024\/06\/Moad_09-scaled-400x400.jpg\" alt=\"\" width=\"400\" height=\"400\" \/>\t\t\t\t\t\t<span class=\"aig-gallery-hover\">\n\t\t\t\t\t\t\t\t\t\t\t\t\t<\/span>\n\t\t\t\t\t\t\t\t\t\t\t<\/a>\n\t\t\t\t\t\t\t\t\t<\/div>\n\t\t\t<\/div>\n\t\t\t\t\t<div class=\"qode-aig-image qode-item-space\">\n\t\t\t\t<div class=\"qode-aig-image-inner\">\n\t\t\t\t\t\t\t\t\t\t\t<a itemprop=\"image\" class=\"qode-aig-lightbox\" href=\"https:\/\/moadhome.com.br\/site\/wp-content\/uploads\/2024\/06\/Balanco-Fiorela.jpg\" data-rel=\"prettyPhoto[image_gallery_pretty_photo-807]\" title=\"Balan\u00e7o Fiorela\">\n\t\t\t\t\t\t\t\t\t\t\t<img loading=\"lazy\" decoding=\"async\" src=\"https:\/\/moadhome.com.br\/site\/wp-content\/uploads\/2024\/06\/Balanco-Fiorela-400x400.jpg\" alt=\"\" width=\"400\" height=\"400\" \/>\t\t\t\t\t\t<span class=\"aig-gallery-hover\">\n\t\t\t\t\t\t\t\t\t\t\t\t\t<\/span>\n\t\t\t\t\t\t\t\t\t\t\t<\/a>\n\t\t\t\t\t\t\t\t\t<\/div>\n\t\t\t<\/div>\n\t\t\t\t\t<div class=\"qode-aig-image qode-item-space\">\n\t\t\t\t<div class=\"qode-aig-image-inner\">\n\t\t\t\t\t\t\t\t\t\t\t<a itemprop=\"image\" class=\"qode-aig-lightbox\" href=\"https:\/\/moadhome.com.br\/site\/wp-content\/uploads\/2024\/06\/Moad_08-scaled.jpg\" data-rel=\"prettyPhoto[image_gallery_pretty_photo-807]\" title=\"Moad_08\">\n\t\t\t\t\t\t\t\t\t\t\t<img loading=\"lazy\" decoding=\"async\" src=\"https:\/\/moadhome.com.br\/site\/wp-content\/uploads\/2024\/06\/Moad_08-scaled-400x400.jpg\" alt=\"\" width=\"400\" height=\"400\" \/>\t\t\t\t\t\t<span class=\"aig-gallery-hover\">\n\t\t\t\t\t\t\t\t\t\t\t\t\t<\/span>\n\t\t\t\t\t\t\t\t\t\t\t<\/a>\n\t\t\t\t\t\t\t\t\t<\/div>\n\t\t\t<\/div>\n\t\t\t\t\t<div class=\"qode-aig-image qode-item-space\">\n\t\t\t\t<div class=\"qode-aig-image-inner\">\n\t\t\t\t\t\t\t\t\t\t\t<a itemprop=\"image\" class=\"qode-aig-lightbox\" href=\"https:\/\/moadhome.com.br\/site\/wp-content\/uploads\/2024\/06\/Moad_05-scaled.jpg\" data-rel=\"prettyPhoto[image_gallery_pretty_photo-807]\" title=\"Moad_05\">\n\t\t\t\t\t\t\t\t\t\t\t<img loading=\"lazy\" decoding=\"async\" src=\"https:\/\/moadhome.com.br\/site\/wp-content\/uploads\/2024\/06\/Moad_05-scaled-400x400.jpg\" alt=\"\" width=\"400\" height=\"400\" \/>\t\t\t\t\t\t<span class=\"aig-gallery-hover\">\n\t\t\t\t\t\t\t\t\t\t\t\t\t<\/span>\n\t\t\t\t\t\t\t\t\t\t\t<\/a>\n\t\t\t\t\t\t\t\t\t<\/div>\n\t\t\t<\/div>\n\t\t\t<\/div>\n<\/div>[vc_empty_space height=&#8221;22px&#8221;][vc_empty_space height=&#8221;15px&#8221;][vc_column_text]Somos um escrit\u00f3rio de Arquitetura e Interiores focado em oferecer o melhor aos nossos clientes e temos a expertise em desenvolver projetos arquitet\u00f4nicos, de interiores e de reformas para variados segmentos, como: residencial, comercial e corporativo.<\/p>\n<p>Comprometidos em traduzir nossas ideias aos desejos dos clientes, garantimos projetos \u00fanicos e cuidadosamente planejados, a fim de tornar os seus sonhos realidade. Por isso, prezamos por solu\u00e7\u00f5es criativas e funcionais, resultando em espa\u00e7os repletos de sofistica\u00e7\u00e3o, conforto e alma.[\/vc_column_text][vc_empty_space][\/vc_column][\/vc_row][vc_row css_animation=&#8221;&#8221; row_type=&#8221;row&#8221; use_row_as_full_screen_section=&#8221;no&#8221; type=&#8221;full_width&#8221; angled_section=&#8221;no&#8221; text_align=&#8221;left&#8221; background_image_as_pattern=&#8221;without_pattern&#8221; css=&#8221;.vc_custom_1690976818626{padding-top: 35px !important;padding-bottom: 35px !important;background-color: #0a0a0a !important;}&#8221; z_index=&#8221;&#8221;][vc_column][vc_column_text]<\/p>\n<h3 style=\"text-align: center;\"><span style=\"color: #ffffff;\">CURADORIA DE PROFISSIONAIS MOAD<\/span><\/h3>\n<p>[\/vc_column_text][\/vc_column][\/vc_row]<\/p>\n<\/div>","protected":false},"excerpt":{"rendered":"<p>[vc_row css_animation=&#8221;&#8221; row_type=&#8221;row&#8221; use_row_as_full_screen_section=&#8221;no&#8221; type=&#8221;grid&#8221; angled_section=&#8221;no&#8221; text_align=&#8221;left&#8221; background_image_as_pattern=&#8221;without_pattern&#8221; z_index=&#8221;&#8221;][vc_column][vc_empty_space height=&#8221;100px&#8221;][\/vc_column][\/vc_row][vc_row css_animation=&#8221;&#8221; row_type=&#8221;row&#8221; use_row_as_full_screen_section=&#8221;no&#8221; type=&#8221;grid&#8221; angled_section=&#8221;no&#8221; text_align=&#8221;left&#8221; background_image_as_pattern=&#8221;without_pattern&#8221; z_index=&#8221;&#8221;][vc_column width=&#8221;1\/3&#8243;][vc_column_text][\/vc_column_text][vc_column_text css=&#8221;.vc_custom_1715258410631{padding-top: 30px !important;padding-right: 30px !important;padding-left: 30px !important;background-color: #ededed !important;}&#8221;] PERFIL [\/vc_column_text][vc_column_text css=&#8221;.vc_custom_1720197746447{padding-top: 10px !important;padding-right: 30px !important;padding-bottom: 30px !important;padding-left: 30px !important;background-color: #ededed !important;}&#8221;]Nome: Fabio Vitorino e Lais&#8230;<\/p>\n","protected":false},"author":1,"featured_media":0,"parent":0,"menu_order":0,"comment_status":"closed","ping_status":"closed","template":"full_width.php","meta":{"footnotes":""},"_links":{"self":[{"href":"https:\/\/moadhome.com.br\/site\/wp-json\/wp\/v2\/pages\/5037"}],"collection":[{"href":"https:\/\/moadhome.com.br\/site\/wp-json\/wp\/v2\/pages"}],"about":[{"href":"https:\/\/moadhome.com.br\/site\/wp-json\/wp\/v2\/types\/page"}],"author":[{"embeddable":true,"href":"https:\/\/moadhome.com.br\/site\/wp-json\/wp\/v2\/users\/1"}],"replies":[{"embeddable":true,"href":"https:\/\/moadhome.com.br\/site\/wp-json\/wp\/v2\/comments?post=5037"}],"version-history":[{"count":5,"href":"https:\/\/moadhome.com.br\/site\/wp-json\/wp\/v2\/pages\/5037\/revisions"}],"predecessor-version":[{"id":5768,"href":"https:\/\/moadhome.com.br\/site\/wp-json\/wp\/v2\/pages\/5037\/revisions\/5768"}],"wp:attachment":[{"href":"https:\/\/moadhome.com.br\/site\/wp-json\/wp\/v2\/media?parent=5037"}],"curies":[{"name":"wp","href":"https:\/\/api.w.org\/{rel}","templated":true}]}}