{"id":5068,"date":"2024-05-21T20:11:50","date_gmt":"2024-05-21T20:11:50","guid":{"rendered":"https:\/\/moadhome.com.br\/site\/?page_id=5068"},"modified":"2025-11-05T03:31:34","modified_gmt":"2025-11-05T03:31:34","slug":"mariana-maisonnave","status":"publish","type":"page","link":"https:\/\/moadhome.com.br\/site\/mariana-maisonnave\/","title":{"rendered":"Mariana Maisonnave"},"content":{"rendered":"<div class=\"wpb-content-wrapper\"><p>[vc_row css_animation=&#8221;&#8221; row_type=&#8221;row&#8221; use_row_as_full_screen_section=&#8221;no&#8221; type=&#8221;grid&#8221; angled_section=&#8221;no&#8221; text_align=&#8221;left&#8221; background_image_as_pattern=&#8221;without_pattern&#8221; z_index=&#8221;&#8221;][vc_column][vc_empty_space height=&#8221;100px&#8221;][\/vc_column][\/vc_row][vc_row css_animation=&#8221;&#8221; row_type=&#8221;row&#8221; use_row_as_full_screen_section=&#8221;no&#8221; type=&#8221;grid&#8221; angled_section=&#8221;no&#8221; text_align=&#8221;left&#8221; background_image_as_pattern=&#8221;without_pattern&#8221; z_index=&#8221;&#8221;][vc_column width=&#8221;1\/3&#8243;][vc_column_text]<img loading=\"lazy\" decoding=\"async\" class=\"alignnone wp-image-5024 size-full\" src=\"https:\/\/moadhome.com.br\/site\/wp-content\/uploads\/2024\/05\/Mariana-Maisonnave.png\" alt=\"\" width=\"350\" height=\"400\" srcset=\"https:\/\/moadhome.com.br\/site\/wp-content\/uploads\/2024\/05\/Mariana-Maisonnave.png 350w, https:\/\/moadhome.com.br\/site\/wp-content\/uploads\/2024\/05\/Mariana-Maisonnave-263x300.png 263w\" sizes=\"(max-width: 350px) 100vw, 350px\" \/>[\/vc_column_text][vc_column_text css=&#8221;.vc_custom_1715258410631{padding-top: 30px !important;padding-right: 30px !important;padding-left: 30px !important;background-color: #ededed !important;}&#8221;]<\/p>\n<h3>PERFIL<\/h3>\n<p>[\/vc_column_text][vc_column_text css=&#8221;.vc_custom_1720198770873{padding-top: 10px !important;padding-right: 30px !important;padding-bottom: 30px !important;padding-left: 30px !important;background-color: #ededed !important;}&#8221;]<strong>Nome:<\/strong> Mariana Maisonnave<\/p>\n<p><strong>Instagram:<a href=\"https:\/\/www.instagram.com\/marianamaisonnave.arq\/\" target=\"_blank\" rel=\"noopener\"> @marianamaisonnave.arq<\/a><\/strong>[\/vc_column_text][vc_empty_space height=&#8221;200px&#8221; css=&#8221;.vc_custom_1715259330790{background-color: #ededed !important;}&#8221;][\/vc_column][vc_column width=&#8221;2\/3&#8243;]<div class=\"qode-advanced-image-gallery  qode-aig-grid-type qode-tiny-space  qode-image-behavior-lightbox \">\n\t<div class=\"qode-aig-inner qode-outer-space qode-aig-grid qode-aig-four-columns\">\n\t\t\t\t\t<div class=\"qode-aig-image qode-item-space\">\n\t\t\t\t<div class=\"qode-aig-image-inner\">\n\t\t\t\t\t\t\t\t\t\t\t<a itemprop=\"image\" class=\"qode-aig-lightbox\" href=\"https:\/\/moadhome.com.br\/site\/wp-content\/uploads\/2025\/07\/1-4.png\" data-rel=\"prettyPhoto[image_gallery_pretty_photo-730]\" title=\"1\">\n\t\t\t\t\t\t\t\t\t\t\t<img loading=\"lazy\" decoding=\"async\" src=\"https:\/\/moadhome.com.br\/site\/wp-content\/uploads\/2025\/07\/1-4-400x400.png\" alt=\"\" width=\"400\" height=\"400\" \/>\t\t\t\t\t\t<span class=\"aig-gallery-hover\">\n\t\t\t\t\t\t\t\t\t\t\t\t\t<\/span>\n\t\t\t\t\t\t\t\t\t\t\t<\/a>\n\t\t\t\t\t\t\t\t\t<\/div>\n\t\t\t<\/div>\n\t\t\t\t\t<div class=\"qode-aig-image qode-item-space\">\n\t\t\t\t<div class=\"qode-aig-image-inner\">\n\t\t\t\t\t\t\t\t\t\t\t<a itemprop=\"image\" class=\"qode-aig-lightbox\" href=\"https:\/\/moadhome.com.br\/site\/wp-content\/uploads\/2025\/07\/2-4.png\" data-rel=\"prettyPhoto[image_gallery_pretty_photo-730]\" title=\"2\">\n\t\t\t\t\t\t\t\t\t\t\t<img loading=\"lazy\" decoding=\"async\" src=\"https:\/\/moadhome.com.br\/site\/wp-content\/uploads\/2025\/07\/2-4-400x400.png\" alt=\"\" width=\"400\" height=\"400\" \/>\t\t\t\t\t\t<span class=\"aig-gallery-hover\">\n\t\t\t\t\t\t\t\t\t\t\t\t\t<\/span>\n\t\t\t\t\t\t\t\t\t\t\t<\/a>\n\t\t\t\t\t\t\t\t\t<\/div>\n\t\t\t<\/div>\n\t\t\t\t\t<div class=\"qode-aig-image qode-item-space\">\n\t\t\t\t<div class=\"qode-aig-image-inner\">\n\t\t\t\t\t\t\t\t\t\t\t<a itemprop=\"image\" class=\"qode-aig-lightbox\" href=\"https:\/\/moadhome.com.br\/site\/wp-content\/uploads\/2025\/07\/3-4.png\" data-rel=\"prettyPhoto[image_gallery_pretty_photo-730]\" title=\"3\">\n\t\t\t\t\t\t\t\t\t\t\t<img loading=\"lazy\" decoding=\"async\" src=\"https:\/\/moadhome.com.br\/site\/wp-content\/uploads\/2025\/07\/3-4-400x400.png\" alt=\"\" width=\"400\" height=\"400\" \/>\t\t\t\t\t\t<span class=\"aig-gallery-hover\">\n\t\t\t\t\t\t\t\t\t\t\t\t\t<\/span>\n\t\t\t\t\t\t\t\t\t\t\t<\/a>\n\t\t\t\t\t\t\t\t\t<\/div>\n\t\t\t<\/div>\n\t\t\t\t\t<div class=\"qode-aig-image qode-item-space\">\n\t\t\t\t<div class=\"qode-aig-image-inner\">\n\t\t\t\t\t\t\t\t\t\t\t<a itemprop=\"image\" class=\"qode-aig-lightbox\" href=\"https:\/\/moadhome.com.br\/site\/wp-content\/uploads\/2025\/07\/4-1.png\" data-rel=\"prettyPhoto[image_gallery_pretty_photo-730]\" title=\"4\">\n\t\t\t\t\t\t\t\t\t\t\t<img loading=\"lazy\" decoding=\"async\" src=\"https:\/\/moadhome.com.br\/site\/wp-content\/uploads\/2025\/07\/4-1-400x400.png\" alt=\"\" width=\"400\" height=\"400\" \/>\t\t\t\t\t\t<span class=\"aig-gallery-hover\">\n\t\t\t\t\t\t\t\t\t\t\t\t\t<\/span>\n\t\t\t\t\t\t\t\t\t\t\t<\/a>\n\t\t\t\t\t\t\t\t\t<\/div>\n\t\t\t<\/div>\n\t\t\t\t\t<div class=\"qode-aig-image qode-item-space\">\n\t\t\t\t<div class=\"qode-aig-image-inner\">\n\t\t\t\t\t\t\t\t\t\t\t<a itemprop=\"image\" class=\"qode-aig-lightbox\" href=\"https:\/\/moadhome.com.br\/site\/wp-content\/uploads\/2024\/05\/Mesa-de-jantar-Afleck-com-cadeira-Tuane-scaled.jpg\" data-rel=\"prettyPhoto[image_gallery_pretty_photo-730]\" title=\"Mesa de jantar Afleck com cadeira Tuane\">\n\t\t\t\t\t\t\t\t\t\t\t<img loading=\"lazy\" decoding=\"async\" src=\"https:\/\/moadhome.com.br\/site\/wp-content\/uploads\/2024\/05\/Mesa-de-jantar-Afleck-com-cadeira-Tuane-scaled-400x400.jpg\" alt=\"\" width=\"400\" height=\"400\" \/>\t\t\t\t\t\t<span class=\"aig-gallery-hover\">\n\t\t\t\t\t\t\t\t\t\t\t\t\t<\/span>\n\t\t\t\t\t\t\t\t\t\t\t<\/a>\n\t\t\t\t\t\t\t\t\t<\/div>\n\t\t\t<\/div>\n\t\t\t\t\t<div class=\"qode-aig-image qode-item-space\">\n\t\t\t\t<div class=\"qode-aig-image-inner\">\n\t\t\t\t\t\t\t\t\t\t\t<a itemprop=\"image\" class=\"qode-aig-lightbox\" href=\"https:\/\/moadhome.com.br\/site\/wp-content\/uploads\/2024\/05\/3c925734-e69c-474c-8044-96b09e34e482.jpg\" data-rel=\"prettyPhoto[image_gallery_pretty_photo-730]\" title=\"3c925734-e69c-474c-8044-96b09e34e482\">\n\t\t\t\t\t\t\t\t\t\t\t<img loading=\"lazy\" decoding=\"async\" src=\"https:\/\/moadhome.com.br\/site\/wp-content\/uploads\/2024\/05\/3c925734-e69c-474c-8044-96b09e34e482-400x400.jpg\" alt=\"\" width=\"400\" height=\"400\" \/>\t\t\t\t\t\t<span class=\"aig-gallery-hover\">\n\t\t\t\t\t\t\t\t\t\t\t\t\t<\/span>\n\t\t\t\t\t\t\t\t\t\t\t<\/a>\n\t\t\t\t\t\t\t\t\t<\/div>\n\t\t\t<\/div>\n\t\t\t\t\t<div class=\"qode-aig-image qode-item-space\">\n\t\t\t\t<div class=\"qode-aig-image-inner\">\n\t\t\t\t\t\t\t\t\t\t\t<a itemprop=\"image\" class=\"qode-aig-lightbox\" href=\"https:\/\/moadhome.com.br\/site\/wp-content\/uploads\/2024\/05\/7267faa7-12a8-445b-a25f-24631b621777.jpg\" data-rel=\"prettyPhoto[image_gallery_pretty_photo-730]\" title=\"7267faa7-12a8-445b-a25f-24631b621777\">\n\t\t\t\t\t\t\t\t\t\t\t<img loading=\"lazy\" decoding=\"async\" src=\"https:\/\/moadhome.com.br\/site\/wp-content\/uploads\/2024\/05\/7267faa7-12a8-445b-a25f-24631b621777-400x400.jpg\" alt=\"\" width=\"400\" height=\"400\" \/>\t\t\t\t\t\t<span class=\"aig-gallery-hover\">\n\t\t\t\t\t\t\t\t\t\t\t\t\t<\/span>\n\t\t\t\t\t\t\t\t\t\t\t<\/a>\n\t\t\t\t\t\t\t\t\t<\/div>\n\t\t\t<\/div>\n\t\t\t\t\t<div class=\"qode-aig-image qode-item-space\">\n\t\t\t\t<div class=\"qode-aig-image-inner\">\n\t\t\t\t\t\t\t\t\t\t\t<a itemprop=\"image\" class=\"qode-aig-lightbox\" href=\"https:\/\/moadhome.com.br\/site\/wp-content\/uploads\/2024\/05\/b6f65374-2148-43dd-8cb3-0d070d9c3026.jpg\" data-rel=\"prettyPhoto[image_gallery_pretty_photo-730]\" title=\"b6f65374-2148-43dd-8cb3-0d070d9c3026\">\n\t\t\t\t\t\t\t\t\t\t\t<img loading=\"lazy\" decoding=\"async\" src=\"https:\/\/moadhome.com.br\/site\/wp-content\/uploads\/2024\/05\/b6f65374-2148-43dd-8cb3-0d070d9c3026-400x400.jpg\" alt=\"\" width=\"400\" height=\"400\" \/>\t\t\t\t\t\t<span class=\"aig-gallery-hover\">\n\t\t\t\t\t\t\t\t\t\t\t\t\t<\/span>\n\t\t\t\t\t\t\t\t\t\t\t<\/a>\n\t\t\t\t\t\t\t\t\t<\/div>\n\t\t\t<\/div>\n\t\t\t\t\t<div class=\"qode-aig-image qode-item-space\">\n\t\t\t\t<div class=\"qode-aig-image-inner\">\n\t\t\t\t\t\t\t\t\t\t\t<a itemprop=\"image\" class=\"qode-aig-lightbox\" href=\"https:\/\/moadhome.com.br\/site\/wp-content\/uploads\/2025\/07\/5-1.png\" data-rel=\"prettyPhoto[image_gallery_pretty_photo-730]\" title=\"5\">\n\t\t\t\t\t\t\t\t\t\t\t<img loading=\"lazy\" decoding=\"async\" src=\"https:\/\/moadhome.com.br\/site\/wp-content\/uploads\/2025\/07\/5-1-400x400.png\" alt=\"\" width=\"400\" height=\"400\" \/>\t\t\t\t\t\t<span class=\"aig-gallery-hover\">\n\t\t\t\t\t\t\t\t\t\t\t\t\t<\/span>\n\t\t\t\t\t\t\t\t\t\t\t<\/a>\n\t\t\t\t\t\t\t\t\t<\/div>\n\t\t\t<\/div>\n\t\t\t\t\t<div class=\"qode-aig-image qode-item-space\">\n\t\t\t\t<div class=\"qode-aig-image-inner\">\n\t\t\t\t\t\t\t\t\t\t\t<a itemprop=\"image\" class=\"qode-aig-lightbox\" href=\"https:\/\/moadhome.com.br\/site\/wp-content\/uploads\/2025\/07\/3-2.png\" data-rel=\"prettyPhoto[image_gallery_pretty_photo-730]\" title=\"3\">\n\t\t\t\t\t\t\t\t\t\t\t<img loading=\"lazy\" decoding=\"async\" src=\"https:\/\/moadhome.com.br\/site\/wp-content\/uploads\/2025\/07\/3-2-400x400.png\" alt=\"\" width=\"400\" height=\"400\" \/>\t\t\t\t\t\t<span class=\"aig-gallery-hover\">\n\t\t\t\t\t\t\t\t\t\t\t\t\t<\/span>\n\t\t\t\t\t\t\t\t\t\t\t<\/a>\n\t\t\t\t\t\t\t\t\t<\/div>\n\t\t\t<\/div>\n\t\t\t\t\t<div class=\"qode-aig-image qode-item-space\">\n\t\t\t\t<div class=\"qode-aig-image-inner\">\n\t\t\t\t\t\t\t\t\t\t\t<a itemprop=\"image\" class=\"qode-aig-lightbox\" href=\"https:\/\/moadhome.com.br\/site\/wp-content\/uploads\/2025\/07\/2-2.png\" data-rel=\"prettyPhoto[image_gallery_pretty_photo-730]\" title=\"2\">\n\t\t\t\t\t\t\t\t\t\t\t<img loading=\"lazy\" decoding=\"async\" src=\"https:\/\/moadhome.com.br\/site\/wp-content\/uploads\/2025\/07\/2-2-400x400.png\" alt=\"\" width=\"400\" height=\"400\" \/>\t\t\t\t\t\t<span class=\"aig-gallery-hover\">\n\t\t\t\t\t\t\t\t\t\t\t\t\t<\/span>\n\t\t\t\t\t\t\t\t\t\t\t<\/a>\n\t\t\t\t\t\t\t\t\t<\/div>\n\t\t\t<\/div>\n\t\t\t\t\t<div class=\"qode-aig-image qode-item-space\">\n\t\t\t\t<div class=\"qode-aig-image-inner\">\n\t\t\t\t\t\t\t\t\t\t\t<a itemprop=\"image\" class=\"qode-aig-lightbox\" href=\"https:\/\/moadhome.com.br\/site\/wp-content\/uploads\/2025\/07\/1-2.png\" data-rel=\"prettyPhoto[image_gallery_pretty_photo-730]\" title=\"1\">\n\t\t\t\t\t\t\t\t\t\t\t<img loading=\"lazy\" decoding=\"async\" src=\"https:\/\/moadhome.com.br\/site\/wp-content\/uploads\/2025\/07\/1-2-400x400.png\" alt=\"\" width=\"400\" height=\"400\" \/>\t\t\t\t\t\t<span class=\"aig-gallery-hover\">\n\t\t\t\t\t\t\t\t\t\t\t\t\t<\/span>\n\t\t\t\t\t\t\t\t\t\t\t<\/a>\n\t\t\t\t\t\t\t\t\t<\/div>\n\t\t\t<\/div>\n\t\t\t\t\t<div class=\"qode-aig-image qode-item-space\">\n\t\t\t\t<div class=\"qode-aig-image-inner\">\n\t\t\t\t\t\t\t\t\t\t\t<a itemprop=\"image\" class=\"qode-aig-lightbox\" href=\"https:\/\/moadhome.com.br\/site\/wp-content\/uploads\/2025\/07\/4-3.png\" data-rel=\"prettyPhoto[image_gallery_pretty_photo-730]\" title=\"4\">\n\t\t\t\t\t\t\t\t\t\t\t<img loading=\"lazy\" decoding=\"async\" src=\"https:\/\/moadhome.com.br\/site\/wp-content\/uploads\/2025\/07\/4-3-400x400.png\" alt=\"\" width=\"400\" height=\"400\" \/>\t\t\t\t\t\t<span class=\"aig-gallery-hover\">\n\t\t\t\t\t\t\t\t\t\t\t\t\t<\/span>\n\t\t\t\t\t\t\t\t\t\t\t<\/a>\n\t\t\t\t\t\t\t\t\t<\/div>\n\t\t\t<\/div>\n\t\t\t\t\t<div class=\"qode-aig-image qode-item-space\">\n\t\t\t\t<div class=\"qode-aig-image-inner\">\n\t\t\t\t\t\t\t\t\t\t\t<a itemprop=\"image\" class=\"qode-aig-lightbox\" href=\"https:\/\/moadhome.com.br\/site\/wp-content\/uploads\/2025\/11\/mariana-4.png\" data-rel=\"prettyPhoto[image_gallery_pretty_photo-730]\" title=\"\">\n\t\t\t\t\t\t\t\t\t\t\t<img loading=\"lazy\" decoding=\"async\" src=\"https:\/\/moadhome.com.br\/site\/wp-content\/uploads\/2025\/11\/mariana-4-400x400.png\" alt=\"\" width=\"400\" height=\"400\" \/>\t\t\t\t\t\t<span class=\"aig-gallery-hover\">\n\t\t\t\t\t\t\t\t\t\t\t\t\t<\/span>\n\t\t\t\t\t\t\t\t\t\t\t<\/a>\n\t\t\t\t\t\t\t\t\t<\/div>\n\t\t\t<\/div>\n\t\t\t\t\t<div class=\"qode-aig-image qode-item-space\">\n\t\t\t\t<div class=\"qode-aig-image-inner\">\n\t\t\t\t\t\t\t\t\t\t\t<a itemprop=\"image\" class=\"qode-aig-lightbox\" href=\"https:\/\/moadhome.com.br\/site\/wp-content\/uploads\/2025\/07\/5-3.png\" data-rel=\"prettyPhoto[image_gallery_pretty_photo-730]\" title=\"5\">\n\t\t\t\t\t\t\t\t\t\t\t<img loading=\"lazy\" decoding=\"async\" src=\"https:\/\/moadhome.com.br\/site\/wp-content\/uploads\/2025\/07\/5-3-400x400.png\" alt=\"\" width=\"400\" height=\"400\" \/>\t\t\t\t\t\t<span class=\"aig-gallery-hover\">\n\t\t\t\t\t\t\t\t\t\t\t\t\t<\/span>\n\t\t\t\t\t\t\t\t\t\t\t<\/a>\n\t\t\t\t\t\t\t\t\t<\/div>\n\t\t\t<\/div>\n\t\t\t\t\t<div class=\"qode-aig-image qode-item-space\">\n\t\t\t\t<div class=\"qode-aig-image-inner\">\n\t\t\t\t\t\t\t\t\t\t\t<a itemprop=\"image\" class=\"qode-aig-lightbox\" href=\"https:\/\/moadhome.com.br\/site\/wp-content\/uploads\/2025\/11\/mariana-2.png\" data-rel=\"prettyPhoto[image_gallery_pretty_photo-730]\" title=\"\">\n\t\t\t\t\t\t\t\t\t\t\t<img loading=\"lazy\" decoding=\"async\" src=\"https:\/\/moadhome.com.br\/site\/wp-content\/uploads\/2025\/11\/mariana-2-400x400.png\" alt=\"\" width=\"400\" height=\"400\" \/>\t\t\t\t\t\t<span class=\"aig-gallery-hover\">\n\t\t\t\t\t\t\t\t\t\t\t\t\t<\/span>\n\t\t\t\t\t\t\t\t\t\t\t<\/a>\n\t\t\t\t\t\t\t\t\t<\/div>\n\t\t\t<\/div>\n\t\t\t\t\t<div class=\"qode-aig-image qode-item-space\">\n\t\t\t\t<div class=\"qode-aig-image-inner\">\n\t\t\t\t\t\t\t\t\t\t\t<a itemprop=\"image\" class=\"qode-aig-lightbox\" href=\"https:\/\/moadhome.com.br\/site\/wp-content\/uploads\/2025\/11\/mariana-3.png\" data-rel=\"prettyPhoto[image_gallery_pretty_photo-730]\" title=\"\">\n\t\t\t\t\t\t\t\t\t\t\t<img loading=\"lazy\" decoding=\"async\" src=\"https:\/\/moadhome.com.br\/site\/wp-content\/uploads\/2025\/11\/mariana-3-400x400.png\" alt=\"\" width=\"400\" height=\"400\" \/>\t\t\t\t\t\t<span class=\"aig-gallery-hover\">\n\t\t\t\t\t\t\t\t\t\t\t\t\t<\/span>\n\t\t\t\t\t\t\t\t\t\t\t<\/a>\n\t\t\t\t\t\t\t\t\t<\/div>\n\t\t\t<\/div>\n\t\t\t\t\t<div class=\"qode-aig-image qode-item-space\">\n\t\t\t\t<div class=\"qode-aig-image-inner\">\n\t\t\t\t\t\t\t\t\t\t\t<a itemprop=\"image\" class=\"qode-aig-lightbox\" href=\"https:\/\/moadhome.com.br\/site\/wp-content\/uploads\/2025\/11\/mariana.png\" data-rel=\"prettyPhoto[image_gallery_pretty_photo-730]\" title=\"\">\n\t\t\t\t\t\t\t\t\t\t\t<img loading=\"lazy\" decoding=\"async\" src=\"https:\/\/moadhome.com.br\/site\/wp-content\/uploads\/2025\/11\/mariana-400x400.png\" alt=\"\" width=\"400\" height=\"400\" \/>\t\t\t\t\t\t<span class=\"aig-gallery-hover\">\n\t\t\t\t\t\t\t\t\t\t\t\t\t<\/span>\n\t\t\t\t\t\t\t\t\t\t\t<\/a>\n\t\t\t\t\t\t\t\t\t<\/div>\n\t\t\t<\/div>\n\t\t\t<\/div>\n<\/div>[vc_empty_space height=&#8221;22px&#8221;][vc_empty_space height=&#8221;15px&#8221;][vc_column_text]Quando me graduei em arquitetura e urbanismo, pela Universidade do Estado de Santa Catarina, j\u00e1 sabia exatamente onde queria chegar e o que gostaria de construir. A paix\u00e3o e a vontade de atuar era tanta que acelerei as disciplinas, alcan\u00e7ando o sonhado diploma um pouquinho antes do tempo da gradua\u00e7\u00e3o comum.<\/p>\n<p>Meus familiares dizem que \u00e9 desde a inf\u00e2ncia que manifesto o interesse pela arquitetura, sobretudo de interiores. Lembro da primeira CasaCor que visitei, acompanhada pelo meu pai, ainda menina. Foi um encantamento t\u00e3o grande que ficou marcado, e pontuei ali mesmo \u201cum dia quero participar e criar algo lindo aqui tamb\u00e9m\u201d.\u201d[\/vc_column_text][vc_empty_space][\/vc_column][\/vc_row][vc_row css_animation=&#8221;&#8221; row_type=&#8221;row&#8221; use_row_as_full_screen_section=&#8221;no&#8221; type=&#8221;full_width&#8221; angled_section=&#8221;no&#8221; text_align=&#8221;left&#8221; background_image_as_pattern=&#8221;without_pattern&#8221; css=&#8221;.vc_custom_1690976818626{padding-top: 35px !important;padding-bottom: 35px !important;background-color: #0a0a0a !important;}&#8221; z_index=&#8221;&#8221;][vc_column][vc_column_text]<\/p>\n<h3 style=\"text-align: center;\"><span style=\"color: #ffffff;\">CURADORIA DE PROFISSIONAIS MOAD<\/span><\/h3>\n<p>[\/vc_column_text][\/vc_column][\/vc_row]<\/p>\n<\/div>","protected":false},"excerpt":{"rendered":"<p>[vc_row css_animation=&#8221;&#8221; row_type=&#8221;row&#8221; use_row_as_full_screen_section=&#8221;no&#8221; type=&#8221;grid&#8221; angled_section=&#8221;no&#8221; text_align=&#8221;left&#8221; background_image_as_pattern=&#8221;without_pattern&#8221; z_index=&#8221;&#8221;][vc_column][vc_empty_space height=&#8221;100px&#8221;][\/vc_column][\/vc_row][vc_row css_animation=&#8221;&#8221; row_type=&#8221;row&#8221; use_row_as_full_screen_section=&#8221;no&#8221; type=&#8221;grid&#8221; angled_section=&#8221;no&#8221; text_align=&#8221;left&#8221; background_image_as_pattern=&#8221;without_pattern&#8221; z_index=&#8221;&#8221;][vc_column width=&#8221;1\/3&#8243;][vc_column_text][\/vc_column_text][vc_column_text css=&#8221;.vc_custom_1715258410631{padding-top: 30px !important;padding-right: 30px !important;padding-left: 30px !important;background-color: #ededed !important;}&#8221;] PERFIL [\/vc_column_text][vc_column_text css=&#8221;.vc_custom_1720198770873{padding-top: 10px !important;padding-right: 30px !important;padding-bottom: 30px !important;padding-left: 30px !important;background-color: #ededed !important;}&#8221;]Nome: Mariana Maisonnave Instagram: @marianamaisonnave.arq[\/vc_column_text][vc_empty_space&#8230;<\/p>\n","protected":false},"author":1,"featured_media":0,"parent":0,"menu_order":0,"comment_status":"closed","ping_status":"closed","template":"full_width.php","meta":{"footnotes":""},"_links":{"self":[{"href":"https:\/\/moadhome.com.br\/site\/wp-json\/wp\/v2\/pages\/5068"}],"collection":[{"href":"https:\/\/moadhome.com.br\/site\/wp-json\/wp\/v2\/pages"}],"about":[{"href":"https:\/\/moadhome.com.br\/site\/wp-json\/wp\/v2\/types\/page"}],"author":[{"embeddable":true,"href":"https:\/\/moadhome.com.br\/site\/wp-json\/wp\/v2\/users\/1"}],"replies":[{"embeddable":true,"href":"https:\/\/moadhome.com.br\/site\/wp-json\/wp\/v2\/comments?post=5068"}],"version-history":[{"count":6,"href":"https:\/\/moadhome.com.br\/site\/wp-json\/wp\/v2\/pages\/5068\/revisions"}],"predecessor-version":[{"id":7309,"href":"https:\/\/moadhome.com.br\/site\/wp-json\/wp\/v2\/pages\/5068\/revisions\/7309"}],"wp:attachment":[{"href":"https:\/\/moadhome.com.br\/site\/wp-json\/wp\/v2\/media?parent=5068"}],"curies":[{"name":"wp","href":"https:\/\/api.w.org\/{rel}","templated":true}]}}