{"id":5425,"date":"2024-06-14T02:37:04","date_gmt":"2024-06-14T02:37:04","guid":{"rendered":"https:\/\/moadhome.com.br\/site\/?page_id=5425"},"modified":"2024-07-05T17:02:11","modified_gmt":"2024-07-05T17:02:11","slug":"marilia-ferrari","status":"publish","type":"page","link":"https:\/\/moadhome.com.br\/site\/marilia-ferrari\/","title":{"rendered":"Marilia Ferrari"},"content":{"rendered":"<div class=\"wpb-content-wrapper\"><p>[vc_row css_animation=&#8221;&#8221; row_type=&#8221;row&#8221; use_row_as_full_screen_section=&#8221;no&#8221; type=&#8221;grid&#8221; angled_section=&#8221;no&#8221; text_align=&#8221;left&#8221; background_image_as_pattern=&#8221;without_pattern&#8221; z_index=&#8221;&#8221;][vc_column][vc_empty_space height=&#8221;100px&#8221;][\/vc_column][\/vc_row][vc_row css_animation=&#8221;&#8221; row_type=&#8221;row&#8221; use_row_as_full_screen_section=&#8221;no&#8221; type=&#8221;grid&#8221; angled_section=&#8221;no&#8221; text_align=&#8221;left&#8221; background_image_as_pattern=&#8221;without_pattern&#8221; z_index=&#8221;&#8221;][vc_column width=&#8221;1\/3&#8243;][vc_column_text]<img loading=\"lazy\" decoding=\"async\" class=\"alignnone size-full wp-image-5423\" src=\"https:\/\/moadhome.com.br\/site\/wp-content\/uploads\/2024\/06\/MARILIA.png\" alt=\"\" width=\"350\" height=\"400\" srcset=\"https:\/\/moadhome.com.br\/site\/wp-content\/uploads\/2024\/06\/MARILIA.png 350w, https:\/\/moadhome.com.br\/site\/wp-content\/uploads\/2024\/06\/MARILIA-263x300.png 263w\" sizes=\"(max-width: 350px) 100vw, 350px\" \/>[\/vc_column_text][vc_column_text css=&#8221;.vc_custom_1715258410631{padding-top: 30px !important;padding-right: 30px !important;padding-left: 30px !important;background-color: #ededed !important;}&#8221;]<\/p>\n<h3>PERFIL<\/h3>\n<p>[\/vc_column_text][vc_column_text css=&#8221;.vc_custom_1720198928903{padding-top: 10px !important;padding-right: 30px !important;padding-bottom: 30px !important;padding-left: 30px !important;background-color: #ededed !important;}&#8221;]<strong>Nome:<\/strong> Marilia Ferrari<\/p>\n<p><strong>Instagram: <a href=\"https:\/\/www.instagram.com\/onze48\" target=\"_blank\" rel=\"noopener\">@onze48<\/a><\/strong>[\/vc_column_text][vc_empty_space height=&#8221;200px&#8221; css=&#8221;.vc_custom_1715259330790{background-color: #ededed !important;}&#8221;][\/vc_column][vc_column width=&#8221;2\/3&#8243;]<div class=\"qode-advanced-image-gallery  qode-aig-grid-type qode-tiny-space  qode-image-behavior-lightbox \">\n\t<div class=\"qode-aig-inner qode-outer-space qode-aig-grid qode-aig-four-columns\">\n\t\t\t\t\t<div class=\"qode-aig-image qode-item-space\">\n\t\t\t\t<div class=\"qode-aig-image-inner\">\n\t\t\t\t\t\t\t\t\t\t\t<a itemprop=\"image\" class=\"qode-aig-lightbox\" href=\"https:\/\/moadhome.com.br\/site\/wp-content\/uploads\/2024\/06\/IMG-20191221-WA0031.jpg\" data-rel=\"prettyPhoto[image_gallery_pretty_photo-378]\" title=\"IMG-20191221-WA0031\">\n\t\t\t\t\t\t\t\t\t\t\t<img loading=\"lazy\" decoding=\"async\" src=\"https:\/\/moadhome.com.br\/site\/wp-content\/uploads\/2024\/06\/IMG-20191221-WA0031-400x400.jpg\" alt=\"\" width=\"400\" height=\"400\" \/>\t\t\t\t\t\t<span class=\"aig-gallery-hover\">\n\t\t\t\t\t\t\t\t\t\t\t\t\t<\/span>\n\t\t\t\t\t\t\t\t\t\t\t<\/a>\n\t\t\t\t\t\t\t\t\t<\/div>\n\t\t\t<\/div>\n\t\t\t\t\t<div class=\"qode-aig-image qode-item-space\">\n\t\t\t\t<div class=\"qode-aig-image-inner\">\n\t\t\t\t\t\t\t\t\t\t\t<a itemprop=\"image\" class=\"qode-aig-lightbox\" href=\"https:\/\/moadhome.com.br\/site\/wp-content\/uploads\/2024\/06\/IMG-20191221-WA0035.jpg\" data-rel=\"prettyPhoto[image_gallery_pretty_photo-378]\" title=\"IMG-20191221-WA0035\">\n\t\t\t\t\t\t\t\t\t\t\t<img loading=\"lazy\" decoding=\"async\" src=\"https:\/\/moadhome.com.br\/site\/wp-content\/uploads\/2024\/06\/IMG-20191221-WA0035-400x400.jpg\" alt=\"\" width=\"400\" height=\"400\" \/>\t\t\t\t\t\t<span class=\"aig-gallery-hover\">\n\t\t\t\t\t\t\t\t\t\t\t\t\t<\/span>\n\t\t\t\t\t\t\t\t\t\t\t<\/a>\n\t\t\t\t\t\t\t\t\t<\/div>\n\t\t\t<\/div>\n\t\t\t\t\t<div class=\"qode-aig-image qode-item-space\">\n\t\t\t\t<div class=\"qode-aig-image-inner\">\n\t\t\t\t\t\t\t\t\t\t\t<a itemprop=\"image\" class=\"qode-aig-lightbox\" href=\"https:\/\/moadhome.com.br\/site\/wp-content\/uploads\/2024\/06\/IMG-20191221-WA0032.jpg\" data-rel=\"prettyPhoto[image_gallery_pretty_photo-378]\" title=\"IMG-20191221-WA0032\">\n\t\t\t\t\t\t\t\t\t\t\t<img loading=\"lazy\" decoding=\"async\" src=\"https:\/\/moadhome.com.br\/site\/wp-content\/uploads\/2024\/06\/IMG-20191221-WA0032-400x400.jpg\" alt=\"\" width=\"400\" height=\"400\" \/>\t\t\t\t\t\t<span class=\"aig-gallery-hover\">\n\t\t\t\t\t\t\t\t\t\t\t\t\t<\/span>\n\t\t\t\t\t\t\t\t\t\t\t<\/a>\n\t\t\t\t\t\t\t\t\t<\/div>\n\t\t\t<\/div>\n\t\t\t\t\t<div class=\"qode-aig-image qode-item-space\">\n\t\t\t\t<div class=\"qode-aig-image-inner\">\n\t\t\t\t\t\t\t\t\t\t\t<a itemprop=\"image\" class=\"qode-aig-lightbox\" href=\"https:\/\/moadhome.com.br\/site\/wp-content\/uploads\/2024\/06\/IMG-20191221-WA0021.jpg\" data-rel=\"prettyPhoto[image_gallery_pretty_photo-378]\" title=\"IMG-20191221-WA0021\">\n\t\t\t\t\t\t\t\t\t\t\t<img loading=\"lazy\" decoding=\"async\" src=\"https:\/\/moadhome.com.br\/site\/wp-content\/uploads\/2024\/06\/IMG-20191221-WA0021-400x400.jpg\" alt=\"\" width=\"400\" height=\"400\" \/>\t\t\t\t\t\t<span class=\"aig-gallery-hover\">\n\t\t\t\t\t\t\t\t\t\t\t\t\t<\/span>\n\t\t\t\t\t\t\t\t\t\t\t<\/a>\n\t\t\t\t\t\t\t\t\t<\/div>\n\t\t\t<\/div>\n\t\t\t\t\t<div class=\"qode-aig-image qode-item-space\">\n\t\t\t\t<div class=\"qode-aig-image-inner\">\n\t\t\t\t\t\t\t\t\t\t\t<a itemprop=\"image\" class=\"qode-aig-lightbox\" href=\"https:\/\/moadhome.com.br\/site\/wp-content\/uploads\/2024\/06\/IMG-20191221-WA0029.jpg\" data-rel=\"prettyPhoto[image_gallery_pretty_photo-378]\" title=\"IMG-20191221-WA0029\">\n\t\t\t\t\t\t\t\t\t\t\t<img loading=\"lazy\" decoding=\"async\" src=\"https:\/\/moadhome.com.br\/site\/wp-content\/uploads\/2024\/06\/IMG-20191221-WA0029-400x400.jpg\" alt=\"\" width=\"400\" height=\"400\" \/>\t\t\t\t\t\t<span class=\"aig-gallery-hover\">\n\t\t\t\t\t\t\t\t\t\t\t\t\t<\/span>\n\t\t\t\t\t\t\t\t\t\t\t<\/a>\n\t\t\t\t\t\t\t\t\t<\/div>\n\t\t\t<\/div>\n\t\t\t\t\t<div class=\"qode-aig-image qode-item-space\">\n\t\t\t\t<div class=\"qode-aig-image-inner\">\n\t\t\t\t\t\t\t\t\t\t\t<a itemprop=\"image\" class=\"qode-aig-lightbox\" href=\"https:\/\/moadhome.com.br\/site\/wp-content\/uploads\/2024\/06\/IMG-20191221-WA0023.jpg\" data-rel=\"prettyPhoto[image_gallery_pretty_photo-378]\" title=\"IMG-20191221-WA0023\">\n\t\t\t\t\t\t\t\t\t\t\t<img loading=\"lazy\" decoding=\"async\" src=\"https:\/\/moadhome.com.br\/site\/wp-content\/uploads\/2024\/06\/IMG-20191221-WA0023-400x400.jpg\" alt=\"\" width=\"400\" height=\"400\" \/>\t\t\t\t\t\t<span class=\"aig-gallery-hover\">\n\t\t\t\t\t\t\t\t\t\t\t\t\t<\/span>\n\t\t\t\t\t\t\t\t\t\t\t<\/a>\n\t\t\t\t\t\t\t\t\t<\/div>\n\t\t\t<\/div>\n\t\t\t\t\t<div class=\"qode-aig-image qode-item-space\">\n\t\t\t\t<div class=\"qode-aig-image-inner\">\n\t\t\t\t\t\t\t\t\t\t\t<a itemprop=\"image\" class=\"qode-aig-lightbox\" href=\"https:\/\/moadhome.com.br\/site\/wp-content\/uploads\/2024\/06\/IMG-20191221-WA0028.jpg\" data-rel=\"prettyPhoto[image_gallery_pretty_photo-378]\" title=\"IMG-20191221-WA0028\">\n\t\t\t\t\t\t\t\t\t\t\t<img loading=\"lazy\" decoding=\"async\" src=\"https:\/\/moadhome.com.br\/site\/wp-content\/uploads\/2024\/06\/IMG-20191221-WA0028-400x400.jpg\" alt=\"\" width=\"400\" height=\"400\" \/>\t\t\t\t\t\t<span class=\"aig-gallery-hover\">\n\t\t\t\t\t\t\t\t\t\t\t\t\t<\/span>\n\t\t\t\t\t\t\t\t\t\t\t<\/a>\n\t\t\t\t\t\t\t\t\t<\/div>\n\t\t\t<\/div>\n\t\t\t\t\t<div class=\"qode-aig-image qode-item-space\">\n\t\t\t\t<div class=\"qode-aig-image-inner\">\n\t\t\t\t\t\t\t\t\t\t\t<a itemprop=\"image\" class=\"qode-aig-lightbox\" href=\"https:\/\/moadhome.com.br\/site\/wp-content\/uploads\/2024\/06\/IMG-20191221-WA0033.jpg\" data-rel=\"prettyPhoto[image_gallery_pretty_photo-378]\" title=\"IMG-20191221-WA0033\">\n\t\t\t\t\t\t\t\t\t\t\t<img loading=\"lazy\" decoding=\"async\" src=\"https:\/\/moadhome.com.br\/site\/wp-content\/uploads\/2024\/06\/IMG-20191221-WA0033-400x400.jpg\" alt=\"\" width=\"400\" height=\"400\" \/>\t\t\t\t\t\t<span class=\"aig-gallery-hover\">\n\t\t\t\t\t\t\t\t\t\t\t\t\t<\/span>\n\t\t\t\t\t\t\t\t\t\t\t<\/a>\n\t\t\t\t\t\t\t\t\t<\/div>\n\t\t\t<\/div>\n\t\t\t\t\t<div class=\"qode-aig-image qode-item-space\">\n\t\t\t\t<div class=\"qode-aig-image-inner\">\n\t\t\t\t\t\t\t\t\t\t\t<a itemprop=\"image\" class=\"qode-aig-lightbox\" href=\"https:\/\/moadhome.com.br\/site\/wp-content\/uploads\/2024\/06\/IMG-20191221-WA0034.jpg\" data-rel=\"prettyPhoto[image_gallery_pretty_photo-378]\" title=\"IMG-20191221-WA0034\">\n\t\t\t\t\t\t\t\t\t\t\t<img loading=\"lazy\" decoding=\"async\" src=\"https:\/\/moadhome.com.br\/site\/wp-content\/uploads\/2024\/06\/IMG-20191221-WA0034-400x400.jpg\" alt=\"\" width=\"400\" height=\"400\" \/>\t\t\t\t\t\t<span class=\"aig-gallery-hover\">\n\t\t\t\t\t\t\t\t\t\t\t\t\t<\/span>\n\t\t\t\t\t\t\t\t\t\t\t<\/a>\n\t\t\t\t\t\t\t\t\t<\/div>\n\t\t\t<\/div>\n\t\t\t\t\t<div class=\"qode-aig-image qode-item-space\">\n\t\t\t\t<div class=\"qode-aig-image-inner\">\n\t\t\t\t\t\t\t\t\t\t\t<a itemprop=\"image\" class=\"qode-aig-lightbox\" href=\"https:\/\/moadhome.com.br\/site\/wp-content\/uploads\/2024\/06\/Mesa-de-centro-Alphi.png\" data-rel=\"prettyPhoto[image_gallery_pretty_photo-378]\" title=\"Mesa de centro Alphi\">\n\t\t\t\t\t\t\t\t\t\t\t<img loading=\"lazy\" decoding=\"async\" src=\"https:\/\/moadhome.com.br\/site\/wp-content\/uploads\/2024\/06\/Mesa-de-centro-Alphi-400x400.png\" alt=\"\" width=\"400\" height=\"400\" \/>\t\t\t\t\t\t<span class=\"aig-gallery-hover\">\n\t\t\t\t\t\t\t\t\t\t\t\t\t<\/span>\n\t\t\t\t\t\t\t\t\t\t\t<\/a>\n\t\t\t\t\t\t\t\t\t<\/div>\n\t\t\t<\/div>\n\t\t\t\t\t<div class=\"qode-aig-image qode-item-space\">\n\t\t\t\t<div class=\"qode-aig-image-inner\">\n\t\t\t\t\t\t\t\t\t\t\t<a itemprop=\"image\" class=\"qode-aig-lightbox\" href=\"https:\/\/moadhome.com.br\/site\/wp-content\/uploads\/2024\/06\/Quadratta-M.jpg\" data-rel=\"prettyPhoto[image_gallery_pretty_photo-378]\" title=\"Quadratta M\">\n\t\t\t\t\t\t\t\t\t\t\t<img loading=\"lazy\" decoding=\"async\" src=\"https:\/\/moadhome.com.br\/site\/wp-content\/uploads\/2024\/06\/Quadratta-M-400x400.jpg\" alt=\"\" width=\"400\" height=\"400\" \/>\t\t\t\t\t\t<span class=\"aig-gallery-hover\">\n\t\t\t\t\t\t\t\t\t\t\t\t\t<\/span>\n\t\t\t\t\t\t\t\t\t\t\t<\/a>\n\t\t\t\t\t\t\t\t\t<\/div>\n\t\t\t<\/div>\n\t\t\t\t\t<div class=\"qode-aig-image qode-item-space\">\n\t\t\t\t<div class=\"qode-aig-image-inner\">\n\t\t\t\t\t\t\t\t\t\t\t<a itemprop=\"image\" class=\"qode-aig-lightbox\" href=\"https:\/\/moadhome.com.br\/site\/wp-content\/uploads\/2024\/06\/Sofa-Shire-2.jpg\" data-rel=\"prettyPhoto[image_gallery_pretty_photo-378]\" title=\"Sofa\u0301 Shire (2)\">\n\t\t\t\t\t\t\t\t\t\t\t<img loading=\"lazy\" decoding=\"async\" src=\"https:\/\/moadhome.com.br\/site\/wp-content\/uploads\/2024\/06\/Sofa-Shire-2-400x400.jpg\" alt=\"\" width=\"400\" height=\"400\" \/>\t\t\t\t\t\t<span class=\"aig-gallery-hover\">\n\t\t\t\t\t\t\t\t\t\t\t\t\t<\/span>\n\t\t\t\t\t\t\t\t\t\t\t<\/a>\n\t\t\t\t\t\t\t\t\t<\/div>\n\t\t\t<\/div>\n\t\t\t<\/div>\n<\/div>[vc_empty_space height=&#8221;22px&#8221;][vc_empty_space height=&#8221;15px&#8221;][vc_column_text]Marilia \u00e9 uma arquiteta formada pela Universidade Federal de Santa Catarina e, ap\u00f3s muitos anos de experi\u00eancia trabalhando em grandes escrit\u00f3rios de arquitetura, resolveu tirar do papel o sonho de montar um escrit\u00f3rio onde pudessem expressar em projetos a combina\u00e7\u00e3o da sua criatividade com a vontade de atender todas as necessidades de seus clientes.[\/vc_column_text][vc_empty_space][\/vc_column][\/vc_row][vc_row css_animation=&#8221;&#8221; row_type=&#8221;row&#8221; use_row_as_full_screen_section=&#8221;no&#8221; type=&#8221;full_width&#8221; angled_section=&#8221;no&#8221; text_align=&#8221;left&#8221; background_image_as_pattern=&#8221;without_pattern&#8221; css=&#8221;.vc_custom_1690976818626{padding-top: 35px !important;padding-bottom: 35px !important;background-color: #0a0a0a !important;}&#8221; z_index=&#8221;&#8221;][vc_column][vc_column_text]<\/p>\n<h3 style=\"text-align: center;\"><span style=\"color: #ffffff;\">CURADORIA DE PROFISSIONAIS MOAD<\/span><\/h3>\n<p>[\/vc_column_text][\/vc_column][\/vc_row]<\/p>\n<\/div>","protected":false},"excerpt":{"rendered":"<p>[vc_row css_animation=&#8221;&#8221; row_type=&#8221;row&#8221; use_row_as_full_screen_section=&#8221;no&#8221; type=&#8221;grid&#8221; angled_section=&#8221;no&#8221; text_align=&#8221;left&#8221; background_image_as_pattern=&#8221;without_pattern&#8221; z_index=&#8221;&#8221;][vc_column][vc_empty_space height=&#8221;100px&#8221;][\/vc_column][\/vc_row][vc_row css_animation=&#8221;&#8221; row_type=&#8221;row&#8221; use_row_as_full_screen_section=&#8221;no&#8221; type=&#8221;grid&#8221; angled_section=&#8221;no&#8221; text_align=&#8221;left&#8221; background_image_as_pattern=&#8221;without_pattern&#8221; z_index=&#8221;&#8221;][vc_column width=&#8221;1\/3&#8243;][vc_column_text][\/vc_column_text][vc_column_text css=&#8221;.vc_custom_1715258410631{padding-top: 30px !important;padding-right: 30px !important;padding-left: 30px !important;background-color: #ededed !important;}&#8221;] PERFIL [\/vc_column_text][vc_column_text css=&#8221;.vc_custom_1720198928903{padding-top: 10px !important;padding-right: 30px !important;padding-bottom: 30px !important;padding-left: 30px !important;background-color: #ededed !important;}&#8221;]Nome: Marilia Ferrari Instagram: @onze48[\/vc_column_text][vc_empty_space&#8230;<\/p>\n","protected":false},"author":1,"featured_media":0,"parent":0,"menu_order":0,"comment_status":"closed","ping_status":"closed","template":"full_width.php","meta":{"footnotes":""},"_links":{"self":[{"href":"https:\/\/moadhome.com.br\/site\/wp-json\/wp\/v2\/pages\/5425"}],"collection":[{"href":"https:\/\/moadhome.com.br\/site\/wp-json\/wp\/v2\/pages"}],"about":[{"href":"https:\/\/moadhome.com.br\/site\/wp-json\/wp\/v2\/types\/page"}],"author":[{"embeddable":true,"href":"https:\/\/moadhome.com.br\/site\/wp-json\/wp\/v2\/users\/1"}],"replies":[{"embeddable":true,"href":"https:\/\/moadhome.com.br\/site\/wp-json\/wp\/v2\/comments?post=5425"}],"version-history":[{"count":3,"href":"https:\/\/moadhome.com.br\/site\/wp-json\/wp\/v2\/pages\/5425\/revisions"}],"predecessor-version":[{"id":5773,"href":"https:\/\/moadhome.com.br\/site\/wp-json\/wp\/v2\/pages\/5425\/revisions\/5773"}],"wp:attachment":[{"href":"https:\/\/moadhome.com.br\/site\/wp-json\/wp\/v2\/media?parent=5425"}],"curies":[{"name":"wp","href":"https:\/\/api.w.org\/{rel}","templated":true}]}}