{"id":6804,"date":"2025-04-25T14:31:26","date_gmt":"2025-04-25T14:31:26","guid":{"rendered":"https:\/\/moadhome.com.br\/site\/?page_id=6804"},"modified":"2026-02-23T19:39:44","modified_gmt":"2026-02-23T19:39:44","slug":"outdoor","status":"publish","type":"page","link":"https:\/\/moadhome.com.br\/site\/outdoor\/","title":{"rendered":"OUTDOOR"},"content":{"rendered":"<div class=\"wpb-content-wrapper\"><p>[vc_row css_animation=&#8221;&#8221; row_type=&#8221;row&#8221; use_row_as_full_screen_section=&#8221;no&#8221; type=&#8221;full_width&#8221; angled_section=&#8221;no&#8221; text_align=&#8221;left&#8221; background_image_as_pattern=&#8221;without_pattern&#8221;][vc_column offset=&#8221;vc_hidden-xs&#8221;]\n\t\t\t<!-- START home outdoor REVOLUTION SLIDER 6.3.9 --><p class=\"rs-p-wp-fix\"><\/p>\n\t\t\t<rs-module-wrap id=\"rev_slider_4_1_wrapper\" data-source=\"gallery\" style=\"background:transparent;padding:0;margin:0px auto;margin-top:0;margin-bottom:0;\">\n\t\t\t\t<rs-module id=\"rev_slider_4_1\" style=\"\" data-version=\"6.3.9\">\n\t\t\t\t\t<rs-slides>\n\t\t\t\t\t\t<rs-slide data-key=\"rs-4\" data-title=\"HOME\" data-anim=\"ei:d;eo:d;s:1000;r:0;t:fade;sl:0;\">\n\t\t\t\t\t\t\t<img loading=\"lazy\" decoding=\"async\" src=\"\/\/moadhome.com.br\/site\/wp-content\/uploads\/2025\/07\/INDOOR-DESIGN-5.png\" title=\"INDOOR DESIGN (5)\" width=\"1920\" height=\"1197\" class=\"rev-slidebg\" data-no-retina>\n<!--\n\t\t\t\t\t\t\t--><rs-layer\n\t\t\t\t\t\t\t\tid=\"slider-4-slide-4-layer-0\" \n\t\t\t\t\t\t\t\tdata-type=\"image\"\n\t\t\t\t\t\t\t\tdata-rsp_ch=\"on\"\n\t\t\t\t\t\t\t\tdata-xy=\"xo:-464px,-464px,-464px,-83px;yo:61px,61px,61px,72px;\"\n\t\t\t\t\t\t\t\tdata-text=\"w:normal;s:20,20,20,7;l:0,0,0,9;\"\n\t\t\t\t\t\t\t\tdata-dim=\"w:300px,300px,300px,480px;h:180px,180px,180px,480px;\"\n\t\t\t\t\t\t\t\tdata-vbility=\"f,f,f,t\"\n\t\t\t\t\t\t\t\tdata-frame_999=\"o:0;st:w;\"\n\t\t\t\t\t\t\t\tstyle=\"z-index:11;\"\n\t\t\t\t\t\t\t><img loading=\"lazy\" decoding=\"async\" src=\"\/\/moadhome.com.br\/site\/wp-content\/uploads\/2025\/06\/sofa-virtu.png\" width=\"800\" height=\"800\" data-no-retina> \n\t\t\t\t\t\t\t<\/rs-layer><!--\n\n\t\t\t\t\t\t\t--><rs-layer\n\t\t\t\t\t\t\t\tid=\"slider-4-slide-4-layer-1\" \n\t\t\t\t\t\t\t\tdata-type=\"text\"\n\t\t\t\t\t\t\t\tdata-rsp_ch=\"on\"\n\t\t\t\t\t\t\t\tdata-xy=\"xo:748px,748px,748px,53px;yo:381px,381px,381px,148px;\"\n\t\t\t\t\t\t\t\tdata-text=\"w:normal;s:20,20,20,15;l:25,25,25,9;fw:300;\"\n\t\t\t\t\t\t\t\tdata-dim=\"w:auto,auto,auto,523px;h:auto,auto,auto,43px;\"\n\t\t\t\t\t\t\t\tdata-frame_999=\"o:0;st:w;\"\n\t\t\t\t\t\t\t\tstyle=\"z-index:9;font-family:Roboto;\"\n\t\t\t\t\t\t\t>Curadoria especializada para auxiliar na melhor escolha \n\t\t\t\t\t\t\t<\/rs-layer><!--\n\n\t\t\t\t\t\t\t--><rs-layer\n\t\t\t\t\t\t\t\tid=\"slider-4-slide-4-layer-2\" \n\t\t\t\t\t\t\t\tdata-type=\"text\"\n\t\t\t\t\t\t\t\tdata-rsp_ch=\"on\"\n\t\t\t\t\t\t\t\tdata-xy=\"xo:627px,627px,627px,51px;yo:341px,341px,341px,118px;\"\n\t\t\t\t\t\t\t\tdata-text=\"w:normal;s:70,70,70,40;l:25,25,25,9;fw:100;\"\n\t\t\t\t\t\t\t\tdata-dim=\"w:auto,auto,auto,484px;h:auto,auto,auto,68px;\"\n\t\t\t\t\t\t\t\tdata-frame_999=\"o:0;st:w;\"\n\t\t\t\t\t\t\t\tstyle=\"z-index:8;font-family:Roboto;\"\n\t\t\t\t\t\t\t>DESCUBRA O NOVO \n\t\t\t\t\t\t\t<\/rs-layer><!--\n-->\t\t\t\t\t\t<\/rs-slide>\n\t\t\t\t\t<\/rs-slides>\n\t\t\t\t<\/rs-module>\n\t\t\t\t<script type=\"text\/javascript\">\n\t\t\t\t\tsetREVStartSize({c: 'rev_slider_4_1',rl:[1240,1240,1240,480],el:[720,720,720,720],gw:[1240,1240,1240,480],gh:[720,720,720,720],type:'standard',justify:'',layout:'fullwidth',mh:\"0\"});\n\t\t\t\t\tvar\trevapi4,\n\t\t\t\t\t\ttpj;\n\t\t\t\t\tfunction revinit_revslider41() {\n\t\t\t\t\tjQuery(function() {\n\t\t\t\t\t\ttpj = jQuery;\n\t\t\t\t\t\trevapi4 = tpj(\"#rev_slider_4_1\");\n\t\t\t\t\t\tif(revapi4==undefined || revapi4.revolution == undefined){\n\t\t\t\t\t\t\trevslider_showDoubleJqueryError(\"rev_slider_4_1\");\n\t\t\t\t\t\t}else{\n\t\t\t\t\t\t\trevapi4.revolution({\n\t\t\t\t\t\t\t\tsliderLayout:\"fullwidth\",\n\t\t\t\t\t\t\t\tvisibilityLevels:\"1240,1240,1240,480\",\n\t\t\t\t\t\t\t\tgridwidth:\"1240,1240,1240,480\",\n\t\t\t\t\t\t\t\tgridheight:\"720,720,720,720\",\n\t\t\t\t\t\t\t\tperspective:600,\n\t\t\t\t\t\t\t\tperspectiveType:\"global\",\n\t\t\t\t\t\t\t\teditorheight:\"720,768,960,720\",\n\t\t\t\t\t\t\t\tresponsiveLevels:\"1240,1240,1240,480\",\n\t\t\t\t\t\t\t\tprogressBar:{disableProgressBar:true},\n\t\t\t\t\t\t\t\tnavigation: {\n\t\t\t\t\t\t\t\t\tonHoverStop:false\n\t\t\t\t\t\t\t\t},\n\t\t\t\t\t\t\t\tfallbacks: {\n\t\t\t\t\t\t\t\t\tallowHTML5AutoPlayOnAndroid:true\n\t\t\t\t\t\t\t\t},\n\t\t\t\t\t\t\t});\n\t\t\t\t\t\t}\n\t\t\t\t\t\t\n\t\t\t\t\t});\n\t\t\t\t\t} \/\/ End of RevInitScript\n\t\t\t\tvar once_revslider41 = false;\n\t\t\t\tif (document.readyState === \"loading\") {document.addEventListener('readystatechange',function() { if((document.readyState === \"interactive\" || document.readyState === \"complete\") && !once_revslider41 ) { once_revslider41 = true; revinit_revslider41();}});} else {once_revslider41 = true; revinit_revslider41();}\n\t\t\t\t<\/script>\n\t\t\t<\/rs-module-wrap>\n\t\t\t<!-- END REVOLUTION SLIDER -->\n[\/vc_column][\/vc_row][vc_row css_animation=&#8221;&#8221; row_type=&#8221;row&#8221; use_row_as_full_screen_section=&#8221;no&#8221; type=&#8221;full_width&#8221; angled_section=&#8221;no&#8221; text_align=&#8221;left&#8221; background_image_as_pattern=&#8221;without_pattern&#8221;][vc_column offset=&#8221;vc_hidden-lg vc_hidden-md vc_hidden-sm&#8221;]\n\t\t\t<!-- START home outdoor mobile REVOLUTION SLIDER 6.3.9 --><p class=\"rs-p-wp-fix\"><\/p>\n\t\t\t<rs-module-wrap id=\"rev_slider_5_2_wrapper\" data-source=\"gallery\" style=\"background:transparent;padding:0;margin:0px auto;margin-top:0;margin-bottom:0;\">\n\t\t\t\t<rs-module id=\"rev_slider_5_2\" style=\"\" data-version=\"6.3.9\">\n\t\t\t\t\t<rs-slides>\n\t\t\t\t\t\t<rs-slide data-key=\"rs-5\" data-title=\"HOME\" data-anim=\"ei:d;eo:d;s:1000;r:0;t:fade;sl:0;\">\n\t\t\t\t\t\t\t<img loading=\"lazy\" decoding=\"async\" src=\"\/\/moadhome.com.br\/site\/wp-content\/uploads\/2025\/06\/INDOOR-DESIGN-450-x-700-px-1.png\" title=\"INDOOR DESIGN (450 x 700 px) (1)\" width=\"450\" height=\"700\" class=\"rev-slidebg\" data-no-retina>\n<!--\n\t\t\t\t\t\t\t--><rs-layer\n\t\t\t\t\t\t\t\tid=\"slider-5-slide-5-layer-0\" \n\t\t\t\t\t\t\t\tdata-type=\"image\"\n\t\t\t\t\t\t\t\tdata-rsp_ch=\"on\"\n\t\t\t\t\t\t\t\tdata-xy=\"xo:-464px,-464px,-464px,-77px;yo:61px,61px,61px,242px;\"\n\t\t\t\t\t\t\t\tdata-text=\"w:normal;s:20,20,20,7;l:0,0,0,9;\"\n\t\t\t\t\t\t\t\tdata-dim=\"w:300px,300px,300px,480px;h:180px,180px,180px,480px;\"\n\t\t\t\t\t\t\t\tdata-vbility=\"f,f,f,t\"\n\t\t\t\t\t\t\t\tdata-frame_999=\"o:0;st:w;\"\n\t\t\t\t\t\t\t\tstyle=\"z-index:11;\"\n\t\t\t\t\t\t\t><img loading=\"lazy\" decoding=\"async\" src=\"\/\/moadhome.com.br\/site\/wp-content\/uploads\/2025\/06\/sofa-virtu.png\" width=\"800\" height=\"800\" data-no-retina> \n\t\t\t\t\t\t\t<\/rs-layer><!--\n\n\t\t\t\t\t\t\t--><rs-layer\n\t\t\t\t\t\t\t\tid=\"slider-5-slide-5-layer-1\" \n\t\t\t\t\t\t\t\tdata-type=\"text\"\n\t\t\t\t\t\t\t\tdata-rsp_ch=\"on\"\n\t\t\t\t\t\t\t\tdata-xy=\"xo:748px,748px,748px,54px;yo:381px,381px,381px,207px;\"\n\t\t\t\t\t\t\t\tdata-text=\"w:normal;s:20,20,20,15;l:25,25,25,18;fw:300;\"\n\t\t\t\t\t\t\t\tdata-dim=\"w:auto,auto,auto,445px;\"\n\t\t\t\t\t\t\t\tdata-frame_999=\"o:0;st:w;\"\n\t\t\t\t\t\t\t\tstyle=\"z-index:9;font-family:Roboto;\"\n\t\t\t\t\t\t\t>Curadoria especializada para auxiliar na melhor escolha \n\t\t\t\t\t\t\t<\/rs-layer><!--\n\n\t\t\t\t\t\t\t--><rs-layer\n\t\t\t\t\t\t\t\tid=\"slider-5-slide-5-layer-2\" \n\t\t\t\t\t\t\t\tdata-type=\"text\"\n\t\t\t\t\t\t\t\tdata-rsp_ch=\"on\"\n\t\t\t\t\t\t\t\tdata-xy=\"xo:627px,627px,627px,51px;yo:341px,341px,341px,178px;\"\n\t\t\t\t\t\t\t\tdata-text=\"w:normal;s:70,70,70,40;l:25,25,25,9;fw:100;\"\n\t\t\t\t\t\t\t\tdata-dim=\"w:auto,auto,auto,484px;h:auto,auto,auto,68px;\"\n\t\t\t\t\t\t\t\tdata-frame_999=\"o:0;st:w;\"\n\t\t\t\t\t\t\t\tstyle=\"z-index:8;font-family:Roboto;\"\n\t\t\t\t\t\t\t>DESCUBRA O NOVO \n\t\t\t\t\t\t\t<\/rs-layer><!--\n-->\t\t\t\t\t\t<\/rs-slide>\n\t\t\t\t\t<\/rs-slides>\n\t\t\t\t<\/rs-module>\n\t\t\t\t<script type=\"text\/javascript\">\n\t\t\t\t\tsetREVStartSize({c: 'rev_slider_5_2',rl:[1240,1240,1240,480],el:[720,720,720,720],gw:[1240,1240,1240,480],gh:[720,720,720,720],type:'standard',justify:'',layout:'fullwidth',mh:\"0\"});\n\t\t\t\t\tvar\trevapi5,\n\t\t\t\t\t\ttpj;\n\t\t\t\t\tfunction revinit_revslider52() {\n\t\t\t\t\tjQuery(function() {\n\t\t\t\t\t\ttpj = jQuery;\n\t\t\t\t\t\trevapi5 = tpj(\"#rev_slider_5_2\");\n\t\t\t\t\t\tif(revapi5==undefined || revapi5.revolution == undefined){\n\t\t\t\t\t\t\trevslider_showDoubleJqueryError(\"rev_slider_5_2\");\n\t\t\t\t\t\t}else{\n\t\t\t\t\t\t\trevapi5.revolution({\n\t\t\t\t\t\t\t\tsliderLayout:\"fullwidth\",\n\t\t\t\t\t\t\t\tvisibilityLevels:\"1240,1240,1240,480\",\n\t\t\t\t\t\t\t\tgridwidth:\"1240,1240,1240,480\",\n\t\t\t\t\t\t\t\tgridheight:\"720,720,720,720\",\n\t\t\t\t\t\t\t\tperspective:600,\n\t\t\t\t\t\t\t\tperspectiveType:\"global\",\n\t\t\t\t\t\t\t\teditorheight:\"720,768,960,720\",\n\t\t\t\t\t\t\t\tresponsiveLevels:\"1240,1240,1240,480\",\n\t\t\t\t\t\t\t\tprogressBar:{disableProgressBar:true},\n\t\t\t\t\t\t\t\tnavigation: {\n\t\t\t\t\t\t\t\t\tonHoverStop:false\n\t\t\t\t\t\t\t\t},\n\t\t\t\t\t\t\t\tfallbacks: {\n\t\t\t\t\t\t\t\t\tallowHTML5AutoPlayOnAndroid:true\n\t\t\t\t\t\t\t\t},\n\t\t\t\t\t\t\t});\n\t\t\t\t\t\t}\n\t\t\t\t\t\t\n\t\t\t\t\t});\n\t\t\t\t\t} \/\/ End of RevInitScript\n\t\t\t\tvar once_revslider52 = false;\n\t\t\t\tif (document.readyState === \"loading\") {document.addEventListener('readystatechange',function() { if((document.readyState === \"interactive\" || document.readyState === \"complete\") && !once_revslider52 ) { once_revslider52 = true; revinit_revslider52();}});} else {once_revslider52 = true; revinit_revslider52();}\n\t\t\t\t<\/script>\n\t\t\t<\/rs-module-wrap>\n\t\t\t<!-- END REVOLUTION SLIDER -->\n[\/vc_column][\/vc_row][vc_row css_animation=&#8221;&#8221; row_type=&#8221;row&#8221; use_row_as_full_screen_section=&#8221;no&#8221; type=&#8221;grid&#8221; angled_section=&#8221;no&#8221; text_align=&#8221;left&#8221; background_image_as_pattern=&#8221;without_pattern&#8221; css=&#8221;.vc_custom_1695834433118{background-color: #232021 !important;}&#8221; z_index=&#8221;&#8221;][vc_column][vc_column_text]<\/p>\n<p style=\"text-align: center;\"><img loading=\"lazy\" decoding=\"async\" class=\"alignnone wp-image-6034\" src=\"https:\/\/moadhome.com.br\/site\/wp-content\/uploads\/2024\/09\/banner1.png\" alt=\"\" width=\"580\" height=\"154\" srcset=\"https:\/\/moadhome.com.br\/site\/wp-content\/uploads\/2024\/09\/banner1.png 700w, https:\/\/moadhome.com.br\/site\/wp-content\/uploads\/2024\/09\/banner1-300x80.png 300w, https:\/\/moadhome.com.br\/site\/wp-content\/uploads\/2024\/09\/banner1-64x17.png 64w\" sizes=\"(max-width: 580px) 100vw, 580px\" \/><\/p>\n<p>[\/vc_column_text][\/vc_column][\/vc_row][vc_row css_animation=&#8221;&#8221; row_type=&#8221;row&#8221; use_row_as_full_screen_section=&#8221;no&#8221; type=&#8221;full_width&#8221; angled_section=&#8221;no&#8221; text_align=&#8221;center&#8221; background_image_as_pattern=&#8221;without_pattern&#8221; css=&#8221;.vc_custom_1624891442028{padding-top: 9.4% !important;padding-bottom: 5% !important;}&#8221; z_index=&#8221;&#8221;][vc_column css=&#8221;.vc_custom_1617666754426{padding-right: 50px !important;padding-left: 50px !important;}&#8221;][vc_column_text]<\/p>\n<h3>LAN\u00c7AMENTOS<\/h3>\n<p>[\/vc_column_text][vc_empty_space height=&#8221;20px&#8221;][vc_column_text]<\/p>\n<h5>Conhe\u00e7a alguns lan\u00e7amentos desta cole\u00e7\u00e3o<\/h5>\n<p>[\/vc_column_text][vc_empty_space height=&#8221;20px&#8221;]<div class=\"woocommerce columns-3 \"><ul class=\"products\">\n\t<li class=\"product type-product post-7005 status-publish first instock product_cat-destaques-outdoor product_cat-espreguicadeiras product_cat-exterior has-post-thumbnail shipping-taxable product-type-simple\">\n\t\t\n    <div class=\"top-product-section\">\n\n        <a itemprop=\"url\" href=\"https:\/\/moadhome.com.br\/site\/produto\/pier\/\" class=\"product-category\">\n            <span class=\"image-wrapper\">\n                        <\/span>\n        <\/a>\n\n\t\t<span class=\"add-to-cart-button-outer\"><span class=\"add-to-cart-button-inner\"><a href=\"https:\/\/moadhome.com.br\/site\/produto\/pier\/\" data-quantity=\"1\" class=\"button product_type_simple qbutton add-to-cart-button\" data-product_id=\"7005\" data-product_sku=\"\" aria-label=\"Leia mais sobre &ldquo;Pier&rdquo;\" rel=\"nofollow\">Leia mais<\/a><\/span><\/span>\n    <\/div>\n        <a itemprop=\"url\" href=\"https:\/\/moadhome.com.br\/site\/produto\/pier\/\" class=\"product-category product-info\">\n        <h6 itemprop=\"name\">Pier<\/h6>\n\n                    <div class=\"separator after-title-spearator small center\"><\/div>\n        \n        \n    <\/a>\n\n    \n<\/li>\n\t<li class=\"product type-product post-7003 status-publish instock product_cat-complementos-exterior product_cat-destaques-outdoor product_cat-exterior has-post-thumbnail shipping-taxable product-type-simple\">\n\t\t\n    <div class=\"top-product-section\">\n\n        <a itemprop=\"url\" href=\"https:\/\/moadhome.com.br\/site\/produto\/cha-lirio\/\" class=\"product-category\">\n            <span class=\"image-wrapper\">\n                        <\/span>\n        <\/a>\n\n\t\t<span class=\"add-to-cart-button-outer\"><span class=\"add-to-cart-button-inner\"><a href=\"https:\/\/moadhome.com.br\/site\/produto\/cha-lirio\/\" data-quantity=\"1\" class=\"button product_type_simple qbutton add-to-cart-button\" data-product_id=\"7003\" data-product_sku=\"\" aria-label=\"Leia mais sobre &ldquo;Ch\u00e1 Lirio&rdquo;\" rel=\"nofollow\">Leia mais<\/a><\/span><\/span>\n    <\/div>\n        <a itemprop=\"url\" href=\"https:\/\/moadhome.com.br\/site\/produto\/cha-lirio\/\" class=\"product-category product-info\">\n        <h6 itemprop=\"name\">Ch\u00e1 Lirio<\/h6>\n\n                    <div class=\"separator after-title-spearator small center\"><\/div>\n        \n        \n    <\/a>\n\n    \n<\/li>\n\t<li class=\"product type-product post-6800 status-publish last instock product_cat-destaques-outdoor product_cat-exterior product_cat-poltronas-exterior has-post-thumbnail shipping-taxable product-type-simple\">\n\t\t\n    <div class=\"top-product-section\">\n\n        <a itemprop=\"url\" href=\"https:\/\/moadhome.com.br\/site\/produto\/moon-corda-3\/\" class=\"product-category\">\n            <span class=\"image-wrapper\">\n                        <\/span>\n        <\/a>\n\n\t\t<span class=\"add-to-cart-button-outer\"><span class=\"add-to-cart-button-inner\"><a href=\"https:\/\/moadhome.com.br\/site\/produto\/moon-corda-3\/\" data-quantity=\"1\" class=\"button product_type_simple qbutton add-to-cart-button\" data-product_id=\"6800\" data-product_sku=\"\" aria-label=\"Leia mais sobre &ldquo;Moon - Corda&rdquo;\" rel=\"nofollow\">Leia mais<\/a><\/span><\/span>\n    <\/div>\n        <a itemprop=\"url\" href=\"https:\/\/moadhome.com.br\/site\/produto\/moon-corda-3\/\" class=\"product-category product-info\">\n        <h6 itemprop=\"name\">Moon &#8211; Corda<\/h6>\n\n                    <div class=\"separator after-title-spearator small center\"><\/div>\n        \n        \n    <\/a>\n\n    \n<\/li>\n\t<li class=\"product type-product post-6766 status-publish first instock product_cat-destaques-outdoor product_cat-exterior product_cat-poltronas-exterior has-post-thumbnail shipping-taxable product-type-simple\">\n\t\t\n    <div class=\"top-product-section\">\n\n        <a itemprop=\"url\" href=\"https:\/\/moadhome.com.br\/site\/produto\/moon-4\/\" class=\"product-category\">\n            <span class=\"image-wrapper\">\n                        <\/span>\n        <\/a>\n\n\t\t<span class=\"add-to-cart-button-outer\"><span class=\"add-to-cart-button-inner\"><a href=\"https:\/\/moadhome.com.br\/site\/produto\/moon-4\/\" data-quantity=\"1\" class=\"button product_type_simple qbutton add-to-cart-button\" data-product_id=\"6766\" data-product_sku=\"\" aria-label=\"Leia mais sobre &ldquo;Moon&rdquo;\" rel=\"nofollow\">Leia mais<\/a><\/span><\/span>\n    <\/div>\n        <a itemprop=\"url\" href=\"https:\/\/moadhome.com.br\/site\/produto\/moon-4\/\" class=\"product-category product-info\">\n        <h6 itemprop=\"name\">Moon<\/h6>\n\n                    <div class=\"separator after-title-spearator small center\"><\/div>\n        \n        \n    <\/a>\n\n    \n<\/li>\n\t<li class=\"product type-product post-6734 status-publish instock product_cat-concha product_cat-destaques-outdoor product_cat-exterior has-post-thumbnail shipping-taxable product-type-simple\">\n\t\t\n    <div class=\"top-product-section\">\n\n        <a itemprop=\"url\" href=\"https:\/\/moadhome.com.br\/site\/produto\/moon-3\/\" class=\"product-category\">\n            <span class=\"image-wrapper\">\n                        <\/span>\n        <\/a>\n\n\t\t<span class=\"add-to-cart-button-outer\"><span class=\"add-to-cart-button-inner\"><a href=\"https:\/\/moadhome.com.br\/site\/produto\/moon-3\/\" data-quantity=\"1\" class=\"button product_type_simple qbutton add-to-cart-button\" data-product_id=\"6734\" data-product_sku=\"\" aria-label=\"Leia mais sobre &ldquo;Moon&rdquo;\" rel=\"nofollow\">Leia mais<\/a><\/span><\/span>\n    <\/div>\n        <a itemprop=\"url\" href=\"https:\/\/moadhome.com.br\/site\/produto\/moon-3\/\" class=\"product-category product-info\">\n        <h6 itemprop=\"name\">Moon<\/h6>\n\n                    <div class=\"separator after-title-spearator small center\"><\/div>\n        \n        \n    <\/a>\n\n    \n<\/li>\n\t<li class=\"product type-product post-5644 status-publish last instock product_cat-destaques-outdoor product_cat-exterior product_cat-poltronas-exterior has-post-thumbnail shipping-taxable product-type-simple\">\n\t\t\n    <div class=\"top-product-section\">\n\n        <a itemprop=\"url\" href=\"https:\/\/moadhome.com.br\/site\/produto\/aracari-3\/\" class=\"product-category\">\n            <span class=\"image-wrapper\">\n                        <\/span>\n        <\/a>\n\n\t\t<span class=\"add-to-cart-button-outer\"><span class=\"add-to-cart-button-inner\"><a href=\"https:\/\/moadhome.com.br\/site\/produto\/aracari-3\/\" data-quantity=\"1\" class=\"button product_type_simple qbutton add-to-cart-button\" data-product_id=\"5644\" data-product_sku=\"\" aria-label=\"Leia mais sobre &ldquo;Aracari&rdquo;\" rel=\"nofollow\">Leia mais<\/a><\/span><\/span>\n    <\/div>\n        <a itemprop=\"url\" href=\"https:\/\/moadhome.com.br\/site\/produto\/aracari-3\/\" class=\"product-category product-info\">\n        <h6 itemprop=\"name\">Aracari<\/h6>\n\n                    <div class=\"separator after-title-spearator small center\"><\/div>\n        \n        \n    <\/a>\n\n    \n<\/li><\/ul>\n<\/div>[\/vc_column][\/vc_row][vc_row css_animation=&#8221;&#8221; row_type=&#8221;row&#8221; use_row_as_full_screen_section=&#8221;no&#8221; type=&#8221;full_width&#8221; angled_section=&#8221;no&#8221; text_align=&#8221;left&#8221; background_image_as_pattern=&#8221;without_pattern&#8221; css=&#8221;.vc_custom_1743446467330{background-color: #f4f4f4 !important;}&#8221; z_index=&#8221;&#8221;][vc_column width=&#8221;1\/2&#8243;][vc_single_image image=&#8221;7013&#8243; img_size=&#8221;full&#8221; qode_css_animation=&#8221;&#8221;][\/vc_column][vc_column width=&#8221;1\/2&#8243; css=&#8221;.vc_custom_1743446420417{padding-right: 10% !important;padding-left: 10% !important;}&#8221;][vc_empty_space height=&#8221;90px&#8221;][vc_column_text]<\/p>\n<h3>SOBRE<\/h3>\n<p>[\/vc_column_text][vc_empty_space height=&#8221;21px&#8221;][vc_column_text]<\/p>\n<div class=\"wpb_text_column wpb_content_element \">\n<div class=\"wpb_wrapper\">\n<h5>Com o prop\u00f3sito de oportunizar a decora\u00e7\u00e3o pr\u00e1tica e sofisticada de designers e arquitetos aos lares e ambientes corporativos de pessoas \u00fanicas e de olhar apurado, foi fundada em 2016 a MOAD HOME, que segue ao longo dos anos sendo refer\u00eancia em \u201calta decora\u00e7\u00e3o\u201d.<\/h5>\n<\/div>\n<\/div>\n<div class=\"vc_empty_space\"><\/div>\n<p>[\/vc_column_text][vc_empty_space height=&#8221;40px&#8221;]<a  itemprop=\"url\" href=\"https:\/\/moadhome.com.br\/site\/sobre\/\" target=\"_self\" data-hover-background-color='#3c3c3c' data-hover-border-color='#ffffff' data-hover-color='#ffffff' class=\"qbutton  small center default\" style=\"color: #3c3c3c; border-color: #3c3c3c; border-radius: 0px;-moz-border-radius: 0px;-webkit-border-radius: 0px; background-color: #ffffff;\">SAIBA MAIS<span aria-hidden=\"true\" class=\"qode_icon_font_elegant arrow_carrot-right_alt2 qode_button_icon_element\" style=\"color: #3c3c3c;\" ><\/span><\/a>[vc_empty_space height=&#8221;90px&#8221;][\/vc_column][\/vc_row][vc_row css_animation=&#8221;&#8221; row_type=&#8221;row&#8221; use_row_as_full_screen_section=&#8221;no&#8221; type=&#8221;full_width&#8221; angled_section=&#8221;no&#8221; text_align=&#8221;left&#8221; background_image_as_pattern=&#8221;without_pattern&#8221;][vc_column][\/vc_column][\/vc_row]<\/p>\n<\/div>","protected":false},"excerpt":{"rendered":"<p>[vc_row css_animation=&#8221;&#8221; row_type=&#8221;row&#8221; use_row_as_full_screen_section=&#8221;no&#8221; type=&#8221;full_width&#8221; angled_section=&#8221;no&#8221; text_align=&#8221;left&#8221; background_image_as_pattern=&#8221;without_pattern&#8221;][vc_column offset=&#8221;vc_hidden-xs&#8221;][\/vc_column][\/vc_row][vc_row css_animation=&#8221;&#8221; row_type=&#8221;row&#8221; use_row_as_full_screen_section=&#8221;no&#8221; type=&#8221;full_width&#8221; angled_section=&#8221;no&#8221; text_align=&#8221;left&#8221; background_image_as_pattern=&#8221;without_pattern&#8221;][vc_column offset=&#8221;vc_hidden-lg vc_hidden-md vc_hidden-sm&#8221;][\/vc_column][\/vc_row][vc_row css_animation=&#8221;&#8221; row_type=&#8221;row&#8221; use_row_as_full_screen_section=&#8221;no&#8221; type=&#8221;grid&#8221; angled_section=&#8221;no&#8221; text_align=&#8221;left&#8221; background_image_as_pattern=&#8221;without_pattern&#8221; css=&#8221;.vc_custom_1695834433118{background-color: #232021 !important;}&#8221; z_index=&#8221;&#8221;][vc_column][vc_column_text] [\/vc_column_text][\/vc_column][\/vc_row][vc_row css_animation=&#8221;&#8221; row_type=&#8221;row&#8221; use_row_as_full_screen_section=&#8221;no&#8221; type=&#8221;full_width&#8221; angled_section=&#8221;no&#8221; text_align=&#8221;center&#8221; background_image_as_pattern=&#8221;without_pattern&#8221; css=&#8221;.vc_custom_1624891442028{padding-top: 9.4% !important;padding-bottom: 5% !important;}&#8221; z_index=&#8221;&#8221;][vc_column css=&#8221;.vc_custom_1617666754426{padding-right:&#8230;<\/p>\n","protected":false},"author":1,"featured_media":0,"parent":0,"menu_order":0,"comment_status":"closed","ping_status":"closed","template":"full_width.php","meta":{"footnotes":""},"_links":{"self":[{"href":"https:\/\/moadhome.com.br\/site\/wp-json\/wp\/v2\/pages\/6804"}],"collection":[{"href":"https:\/\/moadhome.com.br\/site\/wp-json\/wp\/v2\/pages"}],"about":[{"href":"https:\/\/moadhome.com.br\/site\/wp-json\/wp\/v2\/types\/page"}],"author":[{"embeddable":true,"href":"https:\/\/moadhome.com.br\/site\/wp-json\/wp\/v2\/users\/1"}],"replies":[{"embeddable":true,"href":"https:\/\/moadhome.com.br\/site\/wp-json\/wp\/v2\/comments?post=6804"}],"version-history":[{"count":13,"href":"https:\/\/moadhome.com.br\/site\/wp-json\/wp\/v2\/pages\/6804\/revisions"}],"predecessor-version":[{"id":7319,"href":"https:\/\/moadhome.com.br\/site\/wp-json\/wp\/v2\/pages\/6804\/revisions\/7319"}],"wp:attachment":[{"href":"https:\/\/moadhome.com.br\/site\/wp-json\/wp\/v2\/media?parent=6804"}],"curies":[{"name":"wp","href":"https:\/\/api.w.org\/{rel}","templated":true}]}}