{"id":186,"date":"2016-07-22T14:41:30","date_gmt":"2016-07-22T14:41:30","guid":{"rendered":"http:\/\/bridge77.qodeinteractive.com\/product\/almo-white\/"},"modified":"2024-09-19T21:10:22","modified_gmt":"2024-09-19T21:10:22","slug":"aucuri","status":"publish","type":"product","link":"https:\/\/moadhome.com.br\/site\/produto\/aucuri\/","title":{"rendered":"AUCURI"},"content":{"rendered":"","protected":false},"excerpt":{"rendered":"<p>Conforto EasyFit*.<br \/>\nAssento fixo com costura em pesponto simples e debrum compos\u00ea. Encosto e bra\u00e7o com costura em pesponto simples e debrum compos\u00ea. Almofada de encosto solta com costura em pesponto simples e debrum compos\u00ea, decorativa e de bra\u00e7o com 55x55cm. Base em a\u00e7o carbono nos acabamentos pintura MTX ou metalizada.<\/p>\n","protected":false},"featured_media":3223,"template":"","meta":[],"_links":{"self":[{"href":"https:\/\/moadhome.com.br\/site\/wp-json\/wp\/v2\/product\/186"}],"collection":[{"href":"https:\/\/moadhome.com.br\/site\/wp-json\/wp\/v2\/product"}],"about":[{"href":"https:\/\/moadhome.com.br\/site\/wp-json\/wp\/v2\/types\/product"}],"wp:featuredmedia":[{"embeddable":true,"href":"https:\/\/moadhome.com.br\/site\/wp-json\/wp\/v2\/media\/3223"}],"wp:attachment":[{"href":"https:\/\/moadhome.com.br\/site\/wp-json\/wp\/v2\/media?parent=186"}],"curies":[{"name":"wp","href":"https:\/\/api.w.org\/{rel}","templated":true}]}}