{"id":3070,"date":"2022-06-09T18:28:42","date_gmt":"2022-06-09T18:28:42","guid":{"rendered":"https:\/\/moadhome.com.br\/site\/?post_type=product&#038;p=3070"},"modified":"2022-06-09T18:28:43","modified_gmt":"2022-06-09T18:28:43","slug":"bari","status":"publish","type":"product","link":"https:\/\/moadhome.com.br\/site\/produto\/bari\/","title":{"rendered":"Bari"},"content":{"rendered":"","protected":false},"excerpt":{"rendered":"<p>Na etimologia, Bari carrega a pluralidade dos estudos e significados. Em todas as varia\u00e7\u00f5es dessa cria\u00e7\u00e3o, a pluralidade \u00e9 representada pelas curvas e acabamentos delineados por fibras, cordas ou o material que voc\u00ea preferir.<\/p>\n","protected":false},"featured_media":3035,"template":"","meta":[],"_links":{"self":[{"href":"https:\/\/moadhome.com.br\/site\/wp-json\/wp\/v2\/product\/3070"}],"collection":[{"href":"https:\/\/moadhome.com.br\/site\/wp-json\/wp\/v2\/product"}],"about":[{"href":"https:\/\/moadhome.com.br\/site\/wp-json\/wp\/v2\/types\/product"}],"wp:featuredmedia":[{"embeddable":true,"href":"https:\/\/moadhome.com.br\/site\/wp-json\/wp\/v2\/media\/3035"}],"wp:attachment":[{"href":"https:\/\/moadhome.com.br\/site\/wp-json\/wp\/v2\/media?parent=3070"}],"curies":[{"name":"wp","href":"https:\/\/api.w.org\/{rel}","templated":true}]}}