{"id":3071,"date":"2022-06-09T18:30:55","date_gmt":"2022-06-09T18:30:55","guid":{"rendered":"https:\/\/moadhome.com.br\/site\/?post_type=product&#038;p=3071"},"modified":"2022-06-09T18:30:55","modified_gmt":"2022-06-09T18:30:55","slug":"diva","status":"publish","type":"product","link":"https:\/\/moadhome.com.br\/site\/produto\/diva\/","title":{"rendered":"Diva"},"content":{"rendered":"","protected":false},"excerpt":{"rendered":"<p>A linha Diva conta com sof\u00e1s e poltronas para \u00e1rea externa, onde o desenho arquitet\u00f4nico ganha conforto e delicadeza gra\u00e7as a escolha dos materiais. Utilizando o tric\u00f4 para dar forma ao encosto e um detalhe em madeira Cumaru para compor de forma delicada o revestimento da pe\u00e7a, sua estrutura em alum\u00ednio e os estofados &#8211; em op\u00e7\u00f5es 100% poli\u00e9ster ou tecido n\u00e1utico &#8211; garantem a durabilidade do m\u00f3vel na \u00e1rea externa. Al\u00e9m disso, a escolha de um assento mais baixo, juntamente com o encosto alto refor\u00e7a ainda mais sua impon\u00eancia.<\/p>\n","protected":false},"featured_media":3036,"template":"","meta":[],"_links":{"self":[{"href":"https:\/\/moadhome.com.br\/site\/wp-json\/wp\/v2\/product\/3071"}],"collection":[{"href":"https:\/\/moadhome.com.br\/site\/wp-json\/wp\/v2\/product"}],"about":[{"href":"https:\/\/moadhome.com.br\/site\/wp-json\/wp\/v2\/types\/product"}],"wp:featuredmedia":[{"embeddable":true,"href":"https:\/\/moadhome.com.br\/site\/wp-json\/wp\/v2\/media\/3036"}],"wp:attachment":[{"href":"https:\/\/moadhome.com.br\/site\/wp-json\/wp\/v2\/media?parent=3071"}],"curies":[{"name":"wp","href":"https:\/\/api.w.org\/{rel}","templated":true}]}}