{"id":3072,"date":"2022-06-09T18:31:56","date_gmt":"2022-06-09T18:31:56","guid":{"rendered":"https:\/\/moadhome.com.br\/site\/?post_type=product&#038;p=3072"},"modified":"2025-07-19T14:27:46","modified_gmt":"2025-07-19T14:27:46","slug":"zoe-5","status":"publish","type":"product","link":"https:\/\/moadhome.com.br\/site\/produto\/zoe-5\/","title":{"rendered":"Zoe"},"content":{"rendered":"","protected":false},"excerpt":{"rendered":"<p>Os detalhes minimamente elaborados deixam a mostra a alta resist\u00eancia. Um mobili\u00e1rio descomplicado que demonstra a eleg\u00e2ncia da mat\u00e9ria-prima nacional e internacional dos acabamentos sortidos.<\/p>\n","protected":false},"featured_media":3037,"template":"","meta":[],"_links":{"self":[{"href":"https:\/\/moadhome.com.br\/site\/wp-json\/wp\/v2\/product\/3072"}],"collection":[{"href":"https:\/\/moadhome.com.br\/site\/wp-json\/wp\/v2\/product"}],"about":[{"href":"https:\/\/moadhome.com.br\/site\/wp-json\/wp\/v2\/types\/product"}],"wp:featuredmedia":[{"embeddable":true,"href":"https:\/\/moadhome.com.br\/site\/wp-json\/wp\/v2\/media\/3037"}],"wp:attachment":[{"href":"https:\/\/moadhome.com.br\/site\/wp-json\/wp\/v2\/media?parent=3072"}],"curies":[{"name":"wp","href":"https:\/\/api.w.org\/{rel}","templated":true}]}}