{"id":3074,"date":"2022-06-09T19:52:15","date_gmt":"2022-06-09T19:52:15","guid":{"rendered":"https:\/\/moadhome.com.br\/site\/?post_type=product&#038;p=3074"},"modified":"2024-09-20T19:10:10","modified_gmt":"2024-09-20T19:10:10","slug":"florida","status":"publish","type":"product","link":"https:\/\/moadhome.com.br\/site\/produto\/florida\/","title":{"rendered":"Fl\u00f3rida"},"content":{"rendered":"","protected":false},"excerpt":{"rendered":"<p>O tom da vez \u00e9 cl\u00e1ssico para que nem o mais corriqueiro dos olhares passe despercebido pelas formas e contornos do cumaru-ferro. A mat\u00e9ria-prima est\u00e1 presente em abund\u00e2ncia no mobili\u00e1rio Fl\u00f3rida, que foi habilidosamente delineado para extrapolar os limites do tempo.<\/p>\n","protected":false},"featured_media":3040,"template":"","meta":[],"_links":{"self":[{"href":"https:\/\/moadhome.com.br\/site\/wp-json\/wp\/v2\/product\/3074"}],"collection":[{"href":"https:\/\/moadhome.com.br\/site\/wp-json\/wp\/v2\/product"}],"about":[{"href":"https:\/\/moadhome.com.br\/site\/wp-json\/wp\/v2\/types\/product"}],"wp:featuredmedia":[{"embeddable":true,"href":"https:\/\/moadhome.com.br\/site\/wp-json\/wp\/v2\/media\/3040"}],"wp:attachment":[{"href":"https:\/\/moadhome.com.br\/site\/wp-json\/wp\/v2\/media?parent=3074"}],"curies":[{"name":"wp","href":"https:\/\/api.w.org\/{rel}","templated":true}]}}