{"id":3076,"date":"2022-06-09T19:57:35","date_gmt":"2022-06-09T19:57:35","guid":{"rendered":"https:\/\/moadhome.com.br\/site\/?post_type=product&#038;p=3076"},"modified":"2022-06-09T19:57:35","modified_gmt":"2022-06-09T19:57:35","slug":"jurere","status":"publish","type":"product","link":"https:\/\/moadhome.com.br\/site\/produto\/jurere\/","title":{"rendered":"Jurer\u00ea"},"content":{"rendered":"","protected":false},"excerpt":{"rendered":"<p>O futuro n\u00e3o demora. \u00c9 a isso que nos apegamos ao contemplar a perspectiva de dias futuros em que desfrutaremos de muita tranquilidade.<\/p>\n","protected":false},"featured_media":3042,"template":"","meta":[],"_links":{"self":[{"href":"https:\/\/moadhome.com.br\/site\/wp-json\/wp\/v2\/product\/3076"}],"collection":[{"href":"https:\/\/moadhome.com.br\/site\/wp-json\/wp\/v2\/product"}],"about":[{"href":"https:\/\/moadhome.com.br\/site\/wp-json\/wp\/v2\/types\/product"}],"wp:featuredmedia":[{"embeddable":true,"href":"https:\/\/moadhome.com.br\/site\/wp-json\/wp\/v2\/media\/3042"}],"wp:attachment":[{"href":"https:\/\/moadhome.com.br\/site\/wp-json\/wp\/v2\/media?parent=3076"}],"curies":[{"name":"wp","href":"https:\/\/api.w.org\/{rel}","templated":true}]}}