{"id":3077,"date":"2022-06-09T19:58:51","date_gmt":"2022-06-09T19:58:51","guid":{"rendered":"https:\/\/moadhome.com.br\/site\/?post_type=product&#038;p=3077"},"modified":"2022-06-09T19:58:52","modified_gmt":"2022-06-09T19:58:52","slug":"liria","status":"publish","type":"product","link":"https:\/\/moadhome.com.br\/site\/produto\/liria\/","title":{"rendered":"L\u00edria"},"content":{"rendered":"","protected":false},"excerpt":{"rendered":"<p>O design da mesa de centro L\u00edria mostra que robustez e brandura podem ocupar o mesmo espa\u00e7o. Uma verdadeira pe\u00e7a de acervo com design exclusivo feito pela pr\u00f3pria m\u00e3e-natureza.<\/p>\n","protected":false},"featured_media":3046,"template":"","meta":[],"_links":{"self":[{"href":"https:\/\/moadhome.com.br\/site\/wp-json\/wp\/v2\/product\/3077"}],"collection":[{"href":"https:\/\/moadhome.com.br\/site\/wp-json\/wp\/v2\/product"}],"about":[{"href":"https:\/\/moadhome.com.br\/site\/wp-json\/wp\/v2\/types\/product"}],"wp:featuredmedia":[{"embeddable":true,"href":"https:\/\/moadhome.com.br\/site\/wp-json\/wp\/v2\/media\/3046"}],"wp:attachment":[{"href":"https:\/\/moadhome.com.br\/site\/wp-json\/wp\/v2\/media?parent=3077"}],"curies":[{"name":"wp","href":"https:\/\/api.w.org\/{rel}","templated":true}]}}