{"id":3078,"date":"2022-06-09T20:20:02","date_gmt":"2022-06-09T20:20:02","guid":{"rendered":"https:\/\/moadhome.com.br\/site\/?post_type=product&#038;p=3078"},"modified":"2022-06-09T20:20:02","modified_gmt":"2022-06-09T20:20:02","slug":"londres-2","status":"publish","type":"product","link":"https:\/\/moadhome.com.br\/site\/produto\/londres-2\/","title":{"rendered":"Londres"},"content":{"rendered":"","protected":false},"excerpt":{"rendered":"<div align=\"center\">\n<p>\u00c9 nos detalhes presentes nos bares londrinos que buscamos uma refer\u00eancia \u00edmpar para o mobili\u00e1rio Londres.<\/p>\n<\/div>\n","protected":false},"featured_media":3047,"template":"","meta":[],"_links":{"self":[{"href":"https:\/\/moadhome.com.br\/site\/wp-json\/wp\/v2\/product\/3078"}],"collection":[{"href":"https:\/\/moadhome.com.br\/site\/wp-json\/wp\/v2\/product"}],"about":[{"href":"https:\/\/moadhome.com.br\/site\/wp-json\/wp\/v2\/types\/product"}],"wp:featuredmedia":[{"embeddable":true,"href":"https:\/\/moadhome.com.br\/site\/wp-json\/wp\/v2\/media\/3047"}],"wp:attachment":[{"href":"https:\/\/moadhome.com.br\/site\/wp-json\/wp\/v2\/media?parent=3078"}],"curies":[{"name":"wp","href":"https:\/\/api.w.org\/{rel}","templated":true}]}}