{"id":3081,"date":"2022-06-09T20:29:34","date_gmt":"2022-06-09T20:29:34","guid":{"rendered":"https:\/\/moadhome.com.br\/site\/?post_type=product&#038;p=3081"},"modified":"2022-06-09T20:29:34","modified_gmt":"2022-06-09T20:29:34","slug":"napoles","status":"publish","type":"product","link":"https:\/\/moadhome.com.br\/site\/produto\/napoles\/","title":{"rendered":"N\u00e1poles"},"content":{"rendered":"","protected":false},"excerpt":{"rendered":"<div align=\"center\">\n<p>A proposta do mobili\u00e1rio \u00e9 rigorosa quanto ao regozijo: as pe\u00e7as tem uma pretens\u00e3o que beira o exuberante e surpreende at\u00e9 mesmo o mais refinado dos olhares.<\/p>\n<\/div>\n","protected":false},"featured_media":3052,"template":"","meta":[],"_links":{"self":[{"href":"https:\/\/moadhome.com.br\/site\/wp-json\/wp\/v2\/product\/3081"}],"collection":[{"href":"https:\/\/moadhome.com.br\/site\/wp-json\/wp\/v2\/product"}],"about":[{"href":"https:\/\/moadhome.com.br\/site\/wp-json\/wp\/v2\/types\/product"}],"wp:featuredmedia":[{"embeddable":true,"href":"https:\/\/moadhome.com.br\/site\/wp-json\/wp\/v2\/media\/3052"}],"wp:attachment":[{"href":"https:\/\/moadhome.com.br\/site\/wp-json\/wp\/v2\/media?parent=3081"}],"curies":[{"name":"wp","href":"https:\/\/api.w.org\/{rel}","templated":true}]}}