{"id":3082,"date":"2022-06-09T20:31:00","date_gmt":"2022-06-09T20:31:00","guid":{"rendered":"https:\/\/moadhome.com.br\/site\/?post_type=product&#038;p=3082"},"modified":"2022-06-09T20:31:00","modified_gmt":"2022-06-09T20:31:00","slug":"madri-3","status":"publish","type":"product","link":"https:\/\/moadhome.com.br\/site\/produto\/madri-3\/","title":{"rendered":"Madri"},"content":{"rendered":"","protected":false},"excerpt":{"rendered":"<p>A combina\u00e7\u00e3o \u00e9 un\u00e2nime: a cole\u00e7\u00e3o Madri nos transportam imediatamente para um fim de tarde na varanda. O prazer da leitura, o vento que ajeita os cabelos e a ilumina\u00e7\u00e3o crepuscular de um dia chegando ao fim s\u00e3o conceitos que acompanham o design dessa cole\u00e7\u00e3o.<\/p>\n","protected":false},"featured_media":3062,"template":"","meta":[],"_links":{"self":[{"href":"https:\/\/moadhome.com.br\/site\/wp-json\/wp\/v2\/product\/3082"}],"collection":[{"href":"https:\/\/moadhome.com.br\/site\/wp-json\/wp\/v2\/product"}],"about":[{"href":"https:\/\/moadhome.com.br\/site\/wp-json\/wp\/v2\/types\/product"}],"wp:featuredmedia":[{"embeddable":true,"href":"https:\/\/moadhome.com.br\/site\/wp-json\/wp\/v2\/media\/3062"}],"wp:attachment":[{"href":"https:\/\/moadhome.com.br\/site\/wp-json\/wp\/v2\/media?parent=3082"}],"curies":[{"name":"wp","href":"https:\/\/api.w.org\/{rel}","templated":true}]}}