{"id":3083,"date":"2022-06-09T20:32:33","date_gmt":"2022-06-09T20:32:33","guid":{"rendered":"https:\/\/moadhome.com.br\/site\/?post_type=product&#038;p=3083"},"modified":"2022-06-09T20:32:33","modified_gmt":"2022-06-09T20:32:33","slug":"pienza","status":"publish","type":"product","link":"https:\/\/moadhome.com.br\/site\/produto\/pienza\/","title":{"rendered":"Pienza"},"content":{"rendered":"","protected":false},"excerpt":{"rendered":"<p>As formas angulares e os acabamentos robustos da arquitetura de Pienza, na It\u00e1lia, s\u00e3o inspira\u00e7\u00e3o para o mobili\u00e1rio que carrega a refer\u00eancia para al\u00e9m do nome. Aqui, as mat\u00e9rias-primas ganharam contornos \u00fanicos e descontra\u00eddos, e o resultado \u00e9 um mobili\u00e1rio casual, mas cheio de detalhes atrativos.<\/p>\n","protected":false},"featured_media":3064,"template":"","meta":[],"_links":{"self":[{"href":"https:\/\/moadhome.com.br\/site\/wp-json\/wp\/v2\/product\/3083"}],"collection":[{"href":"https:\/\/moadhome.com.br\/site\/wp-json\/wp\/v2\/product"}],"about":[{"href":"https:\/\/moadhome.com.br\/site\/wp-json\/wp\/v2\/types\/product"}],"wp:featuredmedia":[{"embeddable":true,"href":"https:\/\/moadhome.com.br\/site\/wp-json\/wp\/v2\/media\/3064"}],"wp:attachment":[{"href":"https:\/\/moadhome.com.br\/site\/wp-json\/wp\/v2\/media?parent=3083"}],"curies":[{"name":"wp","href":"https:\/\/api.w.org\/{rel}","templated":true}]}}