{"id":3085,"date":"2022-06-09T20:35:09","date_gmt":"2022-06-09T20:35:09","guid":{"rendered":"https:\/\/moadhome.com.br\/site\/?post_type=product&#038;p=3085"},"modified":"2022-06-09T20:35:10","modified_gmt":"2022-06-09T20:35:10","slug":"tacho","status":"publish","type":"product","link":"https:\/\/moadhome.com.br\/site\/produto\/tacho\/","title":{"rendered":"Tacho"},"content":{"rendered":"","protected":false},"excerpt":{"rendered":"<p>O sol, a natureza, a cidade. Esses elementos servem de inspira\u00e7\u00e3o constantemente na concep\u00e7\u00e3o dos m\u00f3veis para \u00e1reas externas que levam a assinatura da Plantar Ideias. Com linhas bem limpas, a cole\u00e7\u00e3o \u00e9 composta por cadeiras, poltronas e mesas. Misturando concreto com fibras ecol\u00f3gicas estruturadas com el\u00e1sticos, o que resulta na resist\u00eancia e no conforto de assento e encosto. N\u00e3o h\u00e1 espuma nas pe\u00e7as, evitando que o m\u00f3vel retenha \u00e1gua e molhe a roupa de quem sentar. A fibra pode ainda ser subtituida por corda nautica colorida, trazendo uma rica combina\u00e7\u00e3o de cores \u00e0 pe\u00e7a. O nome das pe\u00e7as vem da memoria dos objetos que se relacionam ou derivam da mais tropical das frutas a Banana, cacho como se organiza os frutos da planta e tacho , onde faz deliciosos doces e quitutes, um deleite de mobili\u00e1rios para ambientes despojados e contempor\u00e2neos.<\/p>\n","protected":false},"featured_media":3067,"template":"","meta":[],"_links":{"self":[{"href":"https:\/\/moadhome.com.br\/site\/wp-json\/wp\/v2\/product\/3085"}],"collection":[{"href":"https:\/\/moadhome.com.br\/site\/wp-json\/wp\/v2\/product"}],"about":[{"href":"https:\/\/moadhome.com.br\/site\/wp-json\/wp\/v2\/types\/product"}],"wp:featuredmedia":[{"embeddable":true,"href":"https:\/\/moadhome.com.br\/site\/wp-json\/wp\/v2\/media\/3067"}],"wp:attachment":[{"href":"https:\/\/moadhome.com.br\/site\/wp-json\/wp\/v2\/media?parent=3085"}],"curies":[{"name":"wp","href":"https:\/\/api.w.org\/{rel}","templated":true}]}}