{"id":3086,"date":"2022-06-09T20:36:05","date_gmt":"2022-06-09T20:36:05","guid":{"rendered":"https:\/\/moadhome.com.br\/site\/?post_type=product&#038;p=3086"},"modified":"2022-06-09T20:36:05","modified_gmt":"2022-06-09T20:36:05","slug":"turim","status":"publish","type":"product","link":"https:\/\/moadhome.com.br\/site\/produto\/turim\/","title":{"rendered":"Turim"},"content":{"rendered":"","protected":false},"excerpt":{"rendered":"<p>Desenvolvido com estrutura em madeira cumaru, alum\u00ednio e tecida\u00a0com cordas n\u00e1uticas e tela Slim, o resultado desta combina\u00e7\u00e3o \u00e9 a linha Turim. Uma linha desenvolvida para o conforto. Com tra\u00e7os simples, seu design se destaca na decora\u00e7\u00e3o, transmitindo atitude, exclusividade e arte.<\/p>\n","protected":false},"featured_media":3069,"template":"","meta":[],"_links":{"self":[{"href":"https:\/\/moadhome.com.br\/site\/wp-json\/wp\/v2\/product\/3086"}],"collection":[{"href":"https:\/\/moadhome.com.br\/site\/wp-json\/wp\/v2\/product"}],"about":[{"href":"https:\/\/moadhome.com.br\/site\/wp-json\/wp\/v2\/types\/product"}],"wp:featuredmedia":[{"embeddable":true,"href":"https:\/\/moadhome.com.br\/site\/wp-json\/wp\/v2\/media\/3069"}],"wp:attachment":[{"href":"https:\/\/moadhome.com.br\/site\/wp-json\/wp\/v2\/media?parent=3086"}],"curies":[{"name":"wp","href":"https:\/\/api.w.org\/{rel}","templated":true}]}}