{"id":3087,"date":"2022-06-09T21:08:11","date_gmt":"2022-06-09T21:08:11","guid":{"rendered":"https:\/\/moadhome.com.br\/site\/?post_type=product&#038;p=3087"},"modified":"2025-07-19T14:29:11","modified_gmt":"2025-07-19T14:29:11","slug":"zabobada","status":"publish","type":"product","link":"https:\/\/moadhome.com.br\/site\/produto\/zabobada\/","title":{"rendered":"Zab\u00f3bada"},"content":{"rendered":"","protected":false},"excerpt":{"rendered":"<p>Essa poltrona inspirada nas grandes coberturas muito utilizadas pelos povos mesopot\u00e2micos alia o conforto do tric\u00f4 com a delicadeza das linhas arqueadas do alum\u00ednio. O resultado \u00e9 classe, conforto e um toque de modernidade.<\/p>\n","protected":false},"featured_media":3088,"template":"","meta":[],"_links":{"self":[{"href":"https:\/\/moadhome.com.br\/site\/wp-json\/wp\/v2\/product\/3087"}],"collection":[{"href":"https:\/\/moadhome.com.br\/site\/wp-json\/wp\/v2\/product"}],"about":[{"href":"https:\/\/moadhome.com.br\/site\/wp-json\/wp\/v2\/types\/product"}],"wp:featuredmedia":[{"embeddable":true,"href":"https:\/\/moadhome.com.br\/site\/wp-json\/wp\/v2\/media\/3088"}],"wp:attachment":[{"href":"https:\/\/moadhome.com.br\/site\/wp-json\/wp\/v2\/media?parent=3087"}],"curies":[{"name":"wp","href":"https:\/\/api.w.org\/{rel}","templated":true}]}}