{"id":3106,"date":"2022-06-09T21:09:55","date_gmt":"2022-06-09T21:09:55","guid":{"rendered":"https:\/\/moadhome.com.br\/site\/?post_type=product&#038;p=3106"},"modified":"2025-07-19T14:37:44","modified_gmt":"2025-07-19T14:37:44","slug":"zanet","status":"publish","type":"product","link":"https:\/\/moadhome.com.br\/site\/produto\/zanet\/","title":{"rendered":"Zanet"},"content":{"rendered":"","protected":false},"excerpt":{"rendered":"<p>Um m\u00f3vel totalmente passional: assim \u00e9 nosso sof\u00e1 Anet, cujas tramas saem do convencional e s\u00e3o t\u00e3o \u00fanicas quanto a pessoa a quem ele pertencer. Como uma impress\u00e3o digital, cada m\u00f3vel \u00e9 \u00fanico e feito com toda paix\u00e3o que o amor pelo artesanato pode permitir.<\/p>\n","protected":false},"featured_media":3091,"template":"","meta":[],"_links":{"self":[{"href":"https:\/\/moadhome.com.br\/site\/wp-json\/wp\/v2\/product\/3106"}],"collection":[{"href":"https:\/\/moadhome.com.br\/site\/wp-json\/wp\/v2\/product"}],"about":[{"href":"https:\/\/moadhome.com.br\/site\/wp-json\/wp\/v2\/types\/product"}],"wp:featuredmedia":[{"embeddable":true,"href":"https:\/\/moadhome.com.br\/site\/wp-json\/wp\/v2\/media\/3091"}],"wp:attachment":[{"href":"https:\/\/moadhome.com.br\/site\/wp-json\/wp\/v2\/media?parent=3106"}],"curies":[{"name":"wp","href":"https:\/\/api.w.org\/{rel}","templated":true}]}}