{"id":3107,"date":"2022-06-09T21:11:42","date_gmt":"2022-06-09T21:11:42","guid":{"rendered":"https:\/\/moadhome.com.br\/site\/?post_type=product&#038;p=3107"},"modified":"2025-07-19T14:40:01","modified_gmt":"2025-07-19T14:40:01","slug":"parezzo-3","status":"publish","type":"product","link":"https:\/\/moadhome.com.br\/site\/produto\/parezzo-3\/","title":{"rendered":"Parezzo"},"content":{"rendered":"","protected":false},"excerpt":{"rendered":"<p>A combina\u00e7\u00e3o de corda e cumaru deu origem ao Arezzo. Uma linha despretensiosa que causa aquela sensa\u00e7\u00e3o boa de quando a mem\u00f3ria revisita dias ensolarados de uma tarde de inverno rigoroso &#8211; t\u00e3o familiar quanto os ares da cidade mediterr\u00e2nea que batiza o mobili\u00e1rio.<\/p>\n","protected":false},"featured_media":3094,"template":"","meta":[],"_links":{"self":[{"href":"https:\/\/moadhome.com.br\/site\/wp-json\/wp\/v2\/product\/3107"}],"collection":[{"href":"https:\/\/moadhome.com.br\/site\/wp-json\/wp\/v2\/product"}],"about":[{"href":"https:\/\/moadhome.com.br\/site\/wp-json\/wp\/v2\/types\/product"}],"wp:featuredmedia":[{"embeddable":true,"href":"https:\/\/moadhome.com.br\/site\/wp-json\/wp\/v2\/media\/3094"}],"wp:attachment":[{"href":"https:\/\/moadhome.com.br\/site\/wp-json\/wp\/v2\/media?parent=3107"}],"curies":[{"name":"wp","href":"https:\/\/api.w.org\/{rel}","templated":true}]}}