{"id":3109,"date":"2022-06-09T21:15:48","date_gmt":"2022-06-09T21:15:48","guid":{"rendered":"https:\/\/moadhome.com.br\/site\/?post_type=product&#038;p=3109"},"modified":"2022-06-09T21:15:48","modified_gmt":"2022-06-09T21:15:48","slug":"arrastao-hexagonal","status":"publish","type":"product","link":"https:\/\/moadhome.com.br\/site\/produto\/arrastao-hexagonal\/","title":{"rendered":"Arrast\u00e3o Hexagonal"},"content":{"rendered":"","protected":false},"excerpt":{"rendered":"<p>Inspirados pela paisagem natural e constru\u00eddos com uma est\u00e9tica das redes de pesca de Arrast\u00e3o, os m\u00f3veis desta linha possuem &#8211; al\u00e9m de um layout em formas geom\u00e9tricas &#8211; estrutura met\u00e1lica de alum\u00ednio e corda naval com transpar\u00eancia para permitir que os jardins se desenvolvam em seu interior.<\/p>\n","protected":false},"featured_media":3099,"template":"","meta":[],"_links":{"self":[{"href":"https:\/\/moadhome.com.br\/site\/wp-json\/wp\/v2\/product\/3109"}],"collection":[{"href":"https:\/\/moadhome.com.br\/site\/wp-json\/wp\/v2\/product"}],"about":[{"href":"https:\/\/moadhome.com.br\/site\/wp-json\/wp\/v2\/types\/product"}],"wp:featuredmedia":[{"embeddable":true,"href":"https:\/\/moadhome.com.br\/site\/wp-json\/wp\/v2\/media\/3099"}],"wp:attachment":[{"href":"https:\/\/moadhome.com.br\/site\/wp-json\/wp\/v2\/media?parent=3109"}],"curies":[{"name":"wp","href":"https:\/\/api.w.org\/{rel}","templated":true}]}}