{"id":3110,"date":"2022-06-09T21:20:42","date_gmt":"2022-06-09T21:20:42","guid":{"rendered":"https:\/\/moadhome.com.br\/site\/?post_type=product&#038;p=3110"},"modified":"2025-07-19T14:40:32","modified_gmt":"2025-07-19T14:40:32","slug":"zoom-2","status":"publish","type":"product","link":"https:\/\/moadhome.com.br\/site\/produto\/zoom-2\/","title":{"rendered":"Zoom"},"content":{"rendered":"","protected":false},"excerpt":{"rendered":"<p>A Poltrona Austr\u00e1lia faz parte da Cole\u00e7\u00e3o Luce e \u00e9 simplesmente encantadora. \u200b\u00a0J\u00e1 pensou como ela pode compor o seu projeto? \u200b<\/p>\n","protected":false},"featured_media":3101,"template":"","meta":[],"_links":{"self":[{"href":"https:\/\/moadhome.com.br\/site\/wp-json\/wp\/v2\/product\/3110"}],"collection":[{"href":"https:\/\/moadhome.com.br\/site\/wp-json\/wp\/v2\/product"}],"about":[{"href":"https:\/\/moadhome.com.br\/site\/wp-json\/wp\/v2\/types\/product"}],"wp:featuredmedia":[{"embeddable":true,"href":"https:\/\/moadhome.com.br\/site\/wp-json\/wp\/v2\/media\/3101"}],"wp:attachment":[{"href":"https:\/\/moadhome.com.br\/site\/wp-json\/wp\/v2\/media?parent=3110"}],"curies":[{"name":"wp","href":"https:\/\/api.w.org\/{rel}","templated":true}]}}