{"id":3111,"date":"2022-06-09T21:21:58","date_gmt":"2022-06-09T21:21:58","guid":{"rendered":"https:\/\/moadhome.com.br\/site\/?post_type=product&#038;p=3111"},"modified":"2022-06-09T21:21:58","modified_gmt":"2022-06-09T21:21:58","slug":"ayla","status":"publish","type":"product","link":"https:\/\/moadhome.com.br\/site\/produto\/ayla\/","title":{"rendered":"Ayla"},"content":{"rendered":"","protected":false},"excerpt":{"rendered":"<p>Linha Ayla, como a sonoridade de seu nome a linha transmite tranquilidade e leveza. A Linha foi concebida com inspira\u00e7\u00e3o na luz do luar, do crep\u00fasculo do entardecer ao anoitecer \u00e9 um convite ao conforto. Desenvolvida para compor diferentes ambientes conforme a criatividade permitir, desde o mais modesto at\u00e9 o mais sofisticado, de ambientes grandes at\u00e9 os mais aconchegantes. A linha \u00e9 produzida com fibra tipo &#8220;tric\u00f4&#8221;, com uma textura marcante e com sua elasticidade comp\u00f5e uma trama simples, como seu nome, Linha Ayla.<\/p>\n","protected":false},"featured_media":3104,"template":"","meta":[],"_links":{"self":[{"href":"https:\/\/moadhome.com.br\/site\/wp-json\/wp\/v2\/product\/3111"}],"collection":[{"href":"https:\/\/moadhome.com.br\/site\/wp-json\/wp\/v2\/product"}],"about":[{"href":"https:\/\/moadhome.com.br\/site\/wp-json\/wp\/v2\/types\/product"}],"wp:featuredmedia":[{"embeddable":true,"href":"https:\/\/moadhome.com.br\/site\/wp-json\/wp\/v2\/media\/3104"}],"wp:attachment":[{"href":"https:\/\/moadhome.com.br\/site\/wp-json\/wp\/v2\/media?parent=3111"}],"curies":[{"name":"wp","href":"https:\/\/api.w.org\/{rel}","templated":true}]}}